{"id":2090,"date":"2024-01-25T10:39:53","date_gmt":"2024-01-25T08:39:53","guid":{"rendered":"https:\/\/newphoxstudio.fr\/?page_id=2090"},"modified":"2024-01-25T11:37:03","modified_gmt":"2024-01-25T09:37:03","slug":"conditions-generales-de-vente","status":"publish","type":"page","link":"https:\/\/newphoxstudio.fr\/index.php\/conditions-generales-de-vente\/","title":{"rendered":"Conditions G\u00e9n\u00e9rales de Vente"},"content":{"rendered":"<blockquote style=\"color: white !important;\">\n<div>\n<div>\n<div dir=\"auto\">\n<div>\n<div class=\"entry-content\">\n<h1 class=\"font_8\"><strong><span style=\"color: white; font-family: Arial;\">Conditions g\u00e9n\u00e9rales de Ventes (CGV)<\/span><\/strong><\/h1>\n<p class=\"font_8\"><span style=\"color: white; font-family: Arial;\">Les conditions g\u00e9n\u00e9rales de vente (ci-apr\u00e8s nomm\u00e9es \u00ab\u00a0CGV\u00a0\u00bb) cr\u00e9ent un accord l\u00e9gal et s\u2019appliquent \u00e0 toutes les commandes de prestations et de produits conclues entre le Client et Cavailhes Didier\u00a0(Agence\u00a0<strong>NewPhoxStudio)<\/strong>. Toute \u00a0commande de reportage entra\u00eene l\u2019enti\u00e8re adh\u00e9sion aux pr\u00e9sentes CGV, sauf conditions particuli\u00e8res consenties par \u00e9crit entre l&rsquo;agence et le client. Adresse du si\u00e8ge social : NEWPHOXSTUDIO (NPS) Chemin des Cr\u00eates 30600 Vauvert. SIRET : 434 206 637 00028&lt;<\/span><\/p>\n<p class=\"font_8\"><span style=\"color: white; font-family: Arial;\">NewPhoxStudio se r\u00e9serve le droit de modifier, \u00e0 tout moment les pr\u00e9sentes conditions g\u00e9n\u00e9rales.Les modifications prennent effet imm\u00e9diatement et seront appliqu\u00e9es m\u00eame si la commande a eu lieu ant\u00e9rieurement. Le client sera inform\u00e9 par mail de ce changement.<\/span><\/p>\n<p class=\"font_8\" style=\"color: white;\">Les pr\u00e9sentes conditions g\u00e9n\u00e9rales de vente forment un document contractuel indivisible avec le contrat de la prestation et\/ou Bon de Commande sign\u00e9 par le client.<\/p>\n<div><\/div>\n<h2><u><strong><span style=\"color: white; font-family: Arial;\">1-Tarifs :<\/span><\/strong><\/u><\/h2>\n<div><u><strong><span style=\"color: white; font-family: Arial;\">\u00a0<\/span><\/strong><\/u><\/div>\n<div><\/div>\n<div><span style=\"color: white; font-family: Arial;\">Les prix de vente exprim\u00e9s en euros s\u2019entendent hors taxe (TVA non applicable, article 293B du CGI) et sont ceux applicables au moment de la r\u00e9servation d\u2019une commande. \u00a0Le prix valable est celui indiqu\u00e9 sur votre contrat et\/ou votre bon de commande.<\/span><\/div>\n<div><span style=\"color: white; font-family: Arial;\">\u00a0<\/span><\/div>\n<h2 align=\"left\"><u><strong><span style=\"color: white; font-family: Arial;\">2 &#8211; Commande &amp; modalit\u00e9s de paiement :<\/span><\/strong><\/u><\/h2>\n<p style=\"color: white;\" align=\"left\"><span style=\"font-family: -apple-system-font;\">La commande se fait par t\u00e9l\u00e9phone au\u00a0<\/span><strong>0676083371<\/strong><span style=\"font-family: -apple-system-font;\">, ou e-mail <a href=\"mailto:newphoxstudio@orange.fr\">newphoxstudio@orange.fr<\/a>. \u00a0Elle est act\u00e9e par la suite par l<\/span>\u2019<span style=\"font-family: Arial;\">envoi de notre Bon de Commande\/Facture d<\/span>\u2019<span style=\"font-family: -apple-system-font;\">acompte <\/span>qui<span style=\"font-family: -apple-system-font;\"><span style=\"font-family: Arial;\">\u00a0formalis\u00e9e par le contrat produit le plus souvent par le client. A d\u00e9faut du contrat client, c<\/span>\u2019<span style=\"font-family: Arial;\">est celui de NEWPHOXSTUDIO qui demeure la r\u00e9f\u00e9rence.\u00a0<\/span><\/span><\/p>\n<p align=\"left\"><span style=\"font-family: -apple-system-font;\"><span style=\"font-family: Arial;\">Notre document permet de d\u00e9finir une date, une p\u00e9riode cibl\u00e9e pour les reportages photos et vid\u00e9os et les sites \u00e0 photographier. Il rappelle \u00e9galement les \u00e9l\u00e9ments et num\u00e9ro du devis<\/span><\/span><\/p>\n<p align=\"left\"><span style=\"color: white; font-family: Arial;\"><strong>Un acompte d\u2019un montant de 30% ou 50%<\/strong><span style=\"font-family: -apple-system-font;\">\u00a0doit \u00eatre <\/span>acquitt\u00e9<span style=\"font-family: -apple-system-font;\">\u00a0lors de la validation de la commande et\/ou de la r\u00e9ception du Bon de Commande\/Facture d\u2019acompte. Les reportages sont d\u00e9clench\u00e9s uniquement apr\u00e8s l&rsquo;encaissement de l&rsquo;acompte.<\/span><\/span><\/p>\n<p><span style=\"color: white; font-family: Arial;\">Le versement d\u2019un acompte sign\u00e9 est un engagement ferme de la part du client et entra\u00eene l\u2019enti\u00e8re adh\u00e9sion aux pr\u00e9sentes CGV. La validation de la commande n\u2019est d\u00e9finitive qu\u2019\u00e0 r\u00e9ception du r\u00e8glement de ce versement. A d\u00e9faut de r\u00e9ception du r\u00e8glement dans les 5 jours suivant l\u2019accord de l&rsquo;agence pour la mission avec le client, la commande pourra \u00eatre annul\u00e9e et ce sans pr\u00e9avis et sans que le client ne puisse r\u00e9clamer la moindre indemnit\u00e9. Le paiement s\u2019effectue par ch\u00e8que (\u00e0 l\u2019ordre de NewPhoxStudio) ou par virement. Conform\u00e9ment \u00e0 la loi, le client dispose d\u2019un d\u00e9lai de r\u00e9tractation de 7 jours ouvrables \u00e0 compter du lendemain de la commande.<\/span>\u00a0Pass\u00e9 ce d\u00e9lai, aucune somme d\u00e9j\u00e0 vers\u00e9e ne lui sera rembours\u00e9e en cas d\u2019annulation de sa part, et ce quel que soit le motif.<\/p>\n<p><span style=\"color: white; font-family: Arial;\">Le solde de la commande des reportages est pay\u00e9 apr\u00e8s la livraison de l\u2019ensemble des photos ou vid\u00e9os au plus tard un mois apr\u00e8s l\u2019\u00e9dition de la facture.<\/span><\/p>\n<p class=\"font_7\"><span style=\"font-family: Arial;\">\u00a0Tout retard de paiement entra\u00eenera le paiements d\u2019int\u00e9r\u00eats au taux minimal pr\u00e9vu par l\u2019article L-441-6du Code du Commerce exigibles de plein droit et sans rappel\u00a0<span style=\"color: white;\">(<b>Le taux des p\u00e9nalit\u00e9s de retard : 14% (taux BCE + 10 points).\u00a0<\/b><\/span><\/span><b><span style=\"color: white;\">Montant des p\u00e9nalit\u00e9s = (taux x montant TTC) x (nombre de jours\/ 365)<\/span>.<\/b><span style=\"font-family: Arial;\">\u00a0De plus, s\u2019ajoutera une indemnit\u00e9 forfaitaire de recouvrement de 450 \u20acTTC et de 40\u20ac par jour de retard.<\/span><\/p>\n<p><span style=\"color: white; font-family: Arial;\">Dans le cas o\u00f9 le client ne satisfait pas \u00e0 ses obligations (d\u00e9faut ou retard de paiement), les photos ne peuvent en aucun cas \u00eatre utilis\u00e9es sur leurs supports.\u00a0<\/span><\/p>\n<p align=\"left\"><span style=\"color: white; font-family: Arial;\">\u00a0<\/span><\/p>\n<h2 align=\"left\"><u><strong><span style=\"color: white; font-family: Arial;\">3 &#8211; Modification de la commande:<\/span><\/strong><\/u><\/h2>\n<p align=\"left\"><span style=\"color: white; font-family: Arial;\">Toute demande de modification d\u2019une prestation sollicit\u00e9e par un client ne pourra \u00eatre prise en compte que si la demande est envoy\u00e9e par mail au photographe mission\u00e9 au moins 5 jours avant la date pr\u00e9vue de la prestation. Toute demande de r\u00e9tractation effectu\u00e9e dans le d\u00e9lai imparti entrainera le remboursement de l\u2019acompte. A moins que la prestation ait d\u00e9j\u00e0 \u00e9t\u00e9 d\u00e9clench\u00e9e, r\u00e9alis\u00e9e en totalit\u00e9 ou en partie.<\/span><\/p>\n<p class=\"text-justify\"><span style=\"color: white; font-family: Arial;\">En cas d\u2019annulation d\u2019un reportage d\u2019une prestation photographique devenue d\u00e9finitive, il est rappel\u00e9 que conform\u00e9ment aux dispositions l\u00e9gales, le montant de l\u2019acompte ne sera pas rembours\u00e9, sauf cas de force majeure pour le client.<\/span><\/p>\n<p><span style=\"color: white; font-family: Arial;\">Pour chaque date confirme\u0301e puis ensuite annule\u0301e une fois que la campagne photo a d\u00e9marr\u00e9, le client sera redevable des montants \u00e9quivalents suivants : annulation 3 semaines avant 70% de la prestation, le jour me\u0302me 100% de la prestation. \u00a0l\u2019acompte vers\u00e9 au d\u00e9part lui ne sera pas rembours\u00e9.\u00a0il couvre forfaitairement les frais de pr\u00e9paration de la campagne et le manque \u00e0 gagner d\u2019une prestation photographique perdue.\u00a0<\/span><\/p>\n<p><span style=\"color: white; font-family: Arial;\">Dans la mesure du possible NewPhoxStudio s\u2019engage \u00e0 reporter le reportage ou le transformer sur une autre saison ou une autre destination.\u00a0<\/span><\/p>\n<h2><span style=\"color: white; font-family: Arial;\">4 &#8211;\u00a0<u><b>Frais de d\u00e9placements; h\u00e9bergements et restauration et autres :<\/b><\/u><\/span><\/h2>\n<p class=\"text-justify\"><span style=\"color: white; font-family: Arial;\">Les frais de d\u00e9placement, h\u00e9bergement, restauration et autres sont parfaitement identifi\u00e9s dans le devis qui a pr\u00e9c\u00e9d\u00e9 le bon de commande. Ils sont d\u2019ailleurs inscrits sur notre document \u00a0Bon de commande\/Facture d&rsquo;acompte. Tous les frais attenants \u00e0 la r\u00e9alisation des reportages seront \u00e0 la charge compl\u00e8te du client. Ils feront l\u2019objet d\u2019une facturation \u00e0 part. NewPhoxStudio produira sur demande tous les justificatifs de ses frais li\u00e9s \u00e0 la mission.<\/span><\/p>\n<p class=\"text-justify\"><span style=\"color: white; font-family: Arial;\">Le non remboursement de l&rsquo;int\u00e9gralit\u00e9 de l&rsquo;ensemble des frais concernant les reportages, devient une clause restrictive pour l\u2019utilisation et la diffusion commerciale des visuels produits.<\/span><\/p>\n<h2 class=\"font_8\"><strong><u><span style=\"color: white; font-family: Arial;\">5 &#8211; Probl\u00e8me technique :<br \/>\n<\/span><\/u><\/strong><\/h2>\n<p class=\"font_8\"><span style=\"color: white; font-family: Arial;\">En cas de probl\u00e8me technique avec le mat\u00e9riel photographique ou d\u2019un accident quelconque pendant la prestation et emp\u00eachant le photographe de r\u00e9aliser le travail demand\u00e9, l\u2019int\u00e9gralit\u00e9 du montant vers\u00e9 sera rembours\u00e9e, sans pour autant donner lieu au versement de dommages et int\u00e9r\u00eats \u00e0 quelque titre que ce soit. Le client pourra \u00e9galement accepter le report du reportage \u00e0 une date ult\u00e9rieure, dans ce cas le montant vers\u00e9 ne sera pas rembours\u00e9. Malgr\u00e9 toute l\u2019attention port\u00e9e aux fichiers num\u00e9riques, il peut arriver de mani\u00e8re exceptionnelle qu\u2019\u00e0 la suite d\u2019une s\u00e9ance de prises de vues, par manipulation accidentelle, destruction involontaire, carte m\u00e9moire d\u00e9faillante ou panne informatique, que les sources des photographies et vid\u00e9os soient inexploitables. Dans ce cas, l\u2019agence vous permet la possibilit\u00e9 de refaire le shooting afin de palier \u00e0 cet incident ind\u00e9pendant de sa volont\u00e9. En cas de refus, le client ne pourra pr\u00e9tendre qu\u2019au remboursement partiel des sommes qu\u2019il a vers\u00e9es, et ce sans aucun d\u00e9dommagement.<\/span><\/p>\n<h2 align=\"left\"><u><strong><span style=\"color: white; font-family: Arial;\">6 &#8211; Style Photographique et livraison:<\/span><\/strong><\/u><\/h2>\n<div class=\"layoutArea\"><span style=\"color: white; font-family: Arial;\">Le client d\u00e9clare conna\u00eetre et \u00eatre familier avec le style photographique de l\u2019agence NewPhoxStudio et sollicite ses services en toute connaissance du style artistique de celle-ci.<\/span><\/div>\n<div class=\"layoutArea\"><span style=\"color: white; font-family: Arial;\"><span style=\"font-family: -apple-system-font;\">Le post-traitement, est confi\u00e9 \u00e0 un labo. Il est conforme aux instructions du photographe de l&rsquo;agence et fait partie int\u00e9grante de son travail, son style et son univers artistique. \u00a0Toutes les les photographies et vid\u00e9os trait\u00e9es seront exploitables. Le client accepte que la perception photographique de l<\/span>\u2019<span style=\"font-family: -apple-system-font;\">agence ou du photographe soit \u00e9ventuellement diff\u00e9rente de la sienne. Le choix des images livr\u00e9 est assur\u00e9 par l\u2019agence. II n\u2019y a aucune garantie qu\u2019une image prise pendant la s\u00e9ance soit pr\u00e9sente dans la \u00a0galerie. Le photographe se r\u00e9serve le droit de refuser de r\u00e9aliser une image qui ne correspondrait pas \u00e0 son style photographique ou \u00e0 ses valeurs.<\/span><\/span><\/div>\n<div class=\"layoutArea\">\n<p class=\"font_8\"><span style=\"color: white; font-family: Arial;\">Aucun fichier brut (Nef\/raw) ne sera livr\u00e9 au client et ne pourra \u00eatre exig\u00e9. Les fichiers num\u00e9riques sont livr\u00e9s au format jpeg haute qualit\u00e9.<br \/>\nLa conservation des fichiers bruts est garantie pendant 1 an sur les disques durs du labo (sauf catastrophe \u00a0telle qu\u2019un DDE d\u00e9faillant, inondation, incendie ou autres) ; au-del\u00e0, l\u2019agence pourra les d\u00e9truire.<\/span><\/p>\n<\/div>\n<div class=\"layoutArea\">\n<p align=\"left\"><span style=\"color: white; font-family: Arial;\">Les impressions effectu\u00e9es en dehors d\u2019un laboratoire professionnel pourraient diff\u00e9rer en couleurs et en qualit\u00e9.\u00a0<strong>NPS (NewPhoxStudio)<\/strong>\u00a0n\u2019est pas responsable des probl\u00e8mes que vous rencontrerez dans ces cas l\u00e0 mais pour autant mettra tout en oeuvre pour vous aider \u00e0 r\u00e9soudre le dysfonctionnement.<\/span><\/p>\n<p align=\"left\"><span style=\"color: white; font-family: Arial;\">Les retouches essentielles (colorim\u00e9trie, nettoyage \u2026) sont faites en post traitement. Les autres retouches qui servent \u00e0 sublimer le visuel feront l\u2019objet d\u2019une facturation compl\u00e9mentaire pr\u00e9cis\u00e9e au pr\u00e9alable par un devis.\u00a0<\/span><\/p>\n<p align=\"left\"><span style=\"color: white; font-family: Arial;\"><span style=\"font-family: -apple-system-font;\">Le client sera averti par mail \u00a0lorsque la production photo sera disponible via un serveur. (compter entre 4 et 8 semaines <\/span>apr\u00e8s<span style=\"font-family: -apple-system-font;\">\u00a0le shooting ou pr\u00e9cis\u00e9 sur le devis). Le d\u00e9lai de mise \u00e0 disposition n\u2019est donn\u00e9 qu\u2019\u00e0 titre indicatif ; en cas de retard de livraison motiv\u00e9 par une m\u00e9t\u00e9o d\u00e9faillante, un manque d\u2019un fournisseur ou de mat\u00e9riel endommag\u00e9, le photographe ne pourra \u00eatre tenu pour responsable du retard et aucun d\u00e9dommagement quel qu\u2019il soit ne pourra lui \u00eatre demand\u00e9.\u00a0<\/span><\/span><\/p>\n<\/div>\n<div class=\"layoutArea\"><\/div>\n<h2 class=\"layoutArea\"><u><strong><span style=\"color: white; font-family: Arial;\">7 &#8211; Force majeure et Maladie :<\/span><\/strong><\/u><\/h2>\n<div class=\"layoutArea\"><u><strong><span style=\"color: white; font-family: Arial;\">\u00a0<\/span><\/strong><\/u><\/div>\n<div class=\"layoutArea\">\n<p><span style=\"color: white; font-family: Arial;\">L&rsquo;agence se r\u00e9serve le droit d\u2019annuler une prestation photographique en cas de force majeure ou de maladie de son photographe ou collaborateurs. Une telle annulation ne pourra engager ni sa responsabilit\u00e9, ni donner lieu au versement de dommages et int\u00e9r\u00eats \u00e0 quelque titre que ce soit.<\/span><\/p>\n<p><span style=\"color: #white; font-family: Arial;\"><span style=\"font-family: -apple-system-font;\">La photographe s\u2019engage \u00e0 reprogrammer\u00a0\u00a0la prestation photographique. Est consid\u00e9r\u00e9 comme force majeures un \u00e9v\u00e9nement ext\u00e9rieur impr\u00e9visible et rendant impossible l\u2019ex\u00e9cution de la prestation (accident, d\u00e9c\u00e8s, <\/span>m\u00e9t\u00e9o d\u00e9sastreuse,<span style=\"font-family: -apple-system-font;\">\u00a0maladie\u2026). Chacune des parties pourra opposer ce droit d\u00e8s lors o\u00f9 la force majeure est caract\u00e9ris\u00e9e.<\/span><\/span><\/p>\n<p class=\"font_8\"><span style=\"color: white; font-family: Arial;\">Le photographe ou le client s\u2019engage \u00e0 pr\u00e9venir l\u2019autre partie dans les plus brefs d\u00e9lais par t\u00e9l\u00e9phone. D\u2019un commun accord, une nouvelle date sera planifi\u00e9e, sans aucun frais suppl\u00e9mentaire \u00e0 prestation identique.<\/span><\/p>\n<h2 class=\"font_8\"><u><strong><span style=\"color: white; font-family: Arial;\">8 &#8211; Propri\u00e9t\u00e9 intellectuelle :<\/span><\/strong><\/u><\/h2>\n<\/div>\n<p align=\"left\"><span style=\"color: white; font-family: Arial;\"><strong>Conform\u00e9ment \u00e0 la loi du 11 Mars 1957 sur les droit d\u2019auteur<\/strong>,\u00a0<strong>NEWPHOXSTUDIO\u00a0<\/strong>\u00a0conserve les droits de toutes les images produites et a le droit de reproduction pour ses supports de communication.<\/span><\/p>\n<p align=\"left\"><span style=\"color: white; font-family: Arial;\">12.1. Les photographies constituent des \u0153uvres de l\u2019esprit, telles que d\u00e9finies par le code de la propri\u00e9t\u00e9 intellectuelle, dont le photographe-auteur est l\u2019auteur (art. L112-2 CPI). Les photographies sont r\u00e9serv\u00e9es \u00e0 une utilisation professionnelle des clients, utilisation soumise &#8211; sur quelques supports que ce soient -, au respect des dispositions du code de la propri\u00e9t\u00e9 intellectuelle, et plus g\u00e9n\u00e9ralement des lois et conventions en mati\u00e8re de droits d\u2019auteur. Aucune photographie ne peut ainsi \u00eatre modifi\u00e9e de quelque mani\u00e8re que ce soit, sans accord \u00e9crit et pr\u00e9alable de l\u2019auteur. Les clients s\u2019engagent \u00e0 respecter l\u2019int\u00e9grit\u00e9 des \u0153uvres du photographe, et notamment \u00e0 en rendre fid\u00e8lement les couleurs, sans les tronquer ou les d\u00e9former. (art. L121-1 CPI)<br \/>\n<\/span><\/p>\n<p><span style=\"font-family: -apple-system-font;\">M\u00eame apr\u00e8s cession des fichiers num\u00e9riques, les photographies restent la propri\u00e9t\u00e9 intellectuelle du photographe et par cons\u00e9quent, sont libres de droits pour le client pour une dur\u00e9e d\u00e9termin\u00e9e. \u00a0Le droit \u00e0 l\u2019image du client est quant \u00e0 lui inali\u00e9nable. L\u2019usage commercial est confirm\u00e9 avec l\u2019accord \u00e9crit du photographe et le respect strict des <\/span>conditions g\u00e9n\u00e9rales de ventes.\u00a0<span style=\"font-family: Arial;\">\u00a0Le droit d<\/span>\u2019<span style=\"font-family: Arial;\"><span style=\"font-family: -apple-system-font;\">utilisation des images est consenti pour une dur\u00e9e d\u00e9termin\u00e9e, un secteur g\u00e9ographique pr\u00e9cis et un inventaire de supports list\u00e9s. Attention la clause sur le devis \u00ab\u00a0sans limitation de temps ni de dur\u00e9e\u00a0\u00bb ne constitue en aucune mani\u00e8re la possibilit\u00e9 de reproduire les images autant que le client le souhaite. Pass\u00e9 un d\u00e9lais de 5 ans cette clause peut-\u00eatre purement d\u00e9nonc\u00e9e comme pour un contrat. Le photographe ou l&rsquo;agence peut alors demander si de nouvelles conditions ne sont pas requises le retrait dans un d\u00e9lai d<\/span>\u2019<span style=\"font-family: -apple-system-font;\">un mois de toutes les images qu\u2019il a produit.<\/span><\/span><\/p>\n<p><span style=\"color: white; font-family: Arial;\">Toute utilisation d\u2019une photographie quel qu\u2019en soit l\u2019usage (concours, diffusion, exposition, reproduction, \u2026) qui a pass\u00e9 la limitation de droits d\u2019exploitation doit faire l\u2019objet d\u2019une nouvelle licence d\u2019exploitation commerciale. Le client doit par cons\u00e9quent se rapprocher de l\u2019agence pour une re-n\u00e9gociations de droits qui fera l\u2019objet apr\u00e8s accord d&rsquo;un devis d\u2019une nouvelle facturation.L&rsquo;\u2019agence \u00e9value le montant relatif aux droits d\u2019auteurs, montant d\u00e9pendant du mode de diffusion et du volume de diffusion.\u00a0<\/span><\/p>\n<p><span style=\"color: whited; font-family: Arial;\">Ainsi, sans l\u2019accord \u00e9crit de l\u2019agence, la diffusion des photos constitue un d\u00e9lit de contrefa\u00e7on au sens de l\u2019article L-335-2 de ce m\u00eame code.\u00a0<\/span>Les peines encourues peuvent allier jusqu\u2019\u00e0 \u00a0300 000\u20ac d\u2019amende.<\/p>\n<p>Pour toute diffusion (r\u00e9seaux sociaux inclus), le client doit obligatoirement citer le nom de l\u2019agence \u201cNewPhoxStudio\u201c (NPS)<\/p>\n<h2><u><strong><span style=\"color: white; font-family: Arial;\">9- Droit \u00e0 l&rsquo;image :<\/span><\/strong><\/u><\/h2>\n<p><span style=\"color: white; font-family: Arial;\"><u><strong>Le photographe sera en charge de collecter rigoureusement toutes les autorisations de prises de vues des personnes qui s\u2019illustreront sur les photos qu\u2019il r\u00e9alisera. Pour cela il proc\u00e8dera soit directement au moment du shooting, soit par le biais du responsable de site quand c\u2019est celui-ci ou son \u00e9quipe qui auront \u201ccaster\u201c les personnages. Le Photographe ne peut-\u00eatre tenu responsable des autorisations de prises de vues qui viendraient \u00e0 manquer si celles-ci \u00e9taient de la responsabilit\u00e9 du responsable de site ou de son \u00e9quipe. Le photographe conservera les prises de vues qu\u2019il a\u00a0<\/strong><\/u><b><u>recueilli. Il pourra envoyer les copies sur demande du client.\u00a0<\/u><\/b><\/span><\/p>\n<p><span style=\"color: white; font-family: Arial;\"><b><u>Attention la personne en charge du site qui fait l\u2019objet d\u2019un reportage, aura directement sous sa responsabilit\u00e9\u00a0<\/u><\/b><b><u>l\u2019obligation de s\u2019assurer qu\u2019il a bien toutes les autorisations sign\u00e9es par l\u2019un ou l\u2019autre des parents quand il s\u2019agit de prendre en photos ou de filmer des enfants dans le cadre des activit\u00e9s de club enfants ou d&rsquo;animation.<\/u><\/b><\/span><\/p>\n<p class=\"text-justify\"><span style=\"color: white; font-family: Arial;\">Les photographies pourront \u00eatre librement utilis\u00e9es par l\u2019auteur, sur tous supports, afin d\u2019assurer la promotion de son activit\u00e9 professionnelle, sous r\u00e9serve du respect des droits des personnes et des biens photographi\u00e9s et sauf demande explicite du Client exprim\u00e9e par \u00e9crit (email ou courrier avec accus\u00e9 de r\u00e9ception) avant la signature du devis\/validation de la commande.\u00a0<\/span><\/p>\n<p class=\"text-justify\"><span style=\"color: white; font-family: Arial;\">Le Photographe s\u2019interdit d\u2019exploiter toute photographie susceptible de porter atteinte \u00a0\u00e0 l\u2019image ou \u00e0 la r\u00e9putation des clients.<\/span><\/p>\n<h2 class=\"text-justify\"><span style=\"color: white; font-family: Arial;\"><u><strong>9- Responsabilit\u00e9 civile :<\/strong><\/u><br \/>\n<\/span><\/h2>\n<p><span style=\"color: white; font-family: Arial;\">Le client est responsable du bon d\u00e9roulement de l\u2019organisation et la logistique pour les reportages.<\/span><\/p>\n<p><span style=\"color: white; font-family: Arial;\">Le photographe intervient dans les r\u00e8gles de l\u2019art pour sa prestation. L\u2019agence d\u00e9tient un contrat d\u2019assurance professionnelle qu\u2019elle pourra produire sur demande<\/span><\/p>\n<p><span style=\"color: white; font-family: Arial;\"><u><strong>R\u00e9clamations\u00a0:<\/strong><\/u><br \/>\n<\/span><\/p>\n<p class=\"text-justify\"><span style=\"color: white; font-family: Arial;\">Les relations contractuelles entre parties auxquelles s\u2019appliquent les pr\u00e9sentes conditions g\u00e9n\u00e9rales sont r\u00e9gies exclusivement par le droit fran\u00e7ais.<\/span><\/p>\n<p class=\"text-justify\"><span style=\"color: white; font-family: Arial;\">Tout litige relatif \u00e0 la formation, \u00e0 l\u2019ex\u00e9cution ou \u00e0 l\u2019interpr\u00e9tation des pr\u00e9sentes conditions g\u00e9n\u00e9rales ainsi qu\u2019\u00e0 toutes conventions auxquelles elles s\u2019appliquent, sera, \u00e0 d\u00e9faut d\u2019accord amiable, soumis \u00e0 la comp\u00e9tence exclusive des juridictions fran\u00e7aises. Toute action en justice devra se faire aupr\u00e8s d\u2019un tribunal situ\u00e9 dans le d\u00e9partement de r\u00e9sidence du photographe.<\/span><\/p>\n<p class=\"text-justify\"><span style=\"color: white; font-family: Arial;\">Les informations personnelles recueillies lors de la passation d\u2019une commande sont destin\u00e9es exclusivement \u00e0 assurer la gestion de la client\u00e8le et notamment le suivi des r\u00e9servations en vue de la bonne r\u00e9alisation de la prestation command\u00e9e.\u00a0<\/span>Le photographe s\u2019engage \u00e0 ne pas communiquer ces informations \u00e0 des tiers pour quelque raison que ce soit.<\/p>\n<p class=\"text-justify\"><span style=\"color: white; font-family: Arial;\">Le client reconna\u00eet avoir pris connaissance des conditions g\u00e9n\u00e9rales de vente ci-dessus.<\/span><\/p>\n<\/div>\n<\/div>\n<\/div>\n<\/div>\n<\/div>\n<\/blockquote>\n","protected":false},"excerpt":{"rendered":"<p>Conditions g\u00e9n\u00e9rales de Ventes (CGV) Les conditions g\u00e9n\u00e9rales de vente (ci-apr\u00e8s nomm\u00e9es \u00ab\u00a0CGV\u00a0\u00bb) cr\u00e9ent un accord l\u00e9gal et s\u2019appliquent \u00e0 toutes les commandes de prestations et de produits conclues entre le Client et Cavailhes Didier\u00a0(Agence\u00a0NewPhoxStudio). Toute \u00a0commande de reportage entra\u00eene l\u2019enti\u00e8re adh\u00e9sion aux pr\u00e9sentes CGV, sauf conditions particuli\u00e8res consenties par \u00e9crit entre l&rsquo;agence et le client. Adresse du si\u00e8ge social : NEWPHOXSTUDIO (NPS) Chemin des [&hellip;]<\/p>\n","protected":false},"author":1,"featured_media":0,"parent":0,"menu_order":0,"comment_status":"closed","ping_status":"closed","template":"","meta":{"_bbp_topic_count":0,"_bbp_reply_count":0,"_bbp_total_topic_count":0,"_bbp_total_reply_count":0,"_bbp_voice_count":0,"_bbp_anonymous_reply_count":0,"_bbp_topic_count_hidden":0,"_bbp_reply_count_hidden":0,"_bbp_forum_subforum_count":0},"_links":{"self":[{"href":"https:\/\/newphoxstudio.fr\/index.php\/wp-json\/wp\/v2\/pages\/2090"}],"collection":[{"href":"https:\/\/newphoxstudio.fr\/index.php\/wp-json\/wp\/v2\/pages"}],"about":[{"href":"https:\/\/newphoxstudio.fr\/index.php\/wp-json\/wp\/v2\/types\/page"}],"author":[{"embeddable":true,"href":"https:\/\/newphoxstudio.fr\/index.php\/wp-json\/wp\/v2\/users\/1"}],"replies":[{"embeddable":true,"href":"https:\/\/newphoxstudio.fr\/index.php\/wp-json\/wp\/v2\/comments?post=2090"}],"version-history":[{"count":19,"href":"https:\/\/newphoxstudio.fr\/index.php\/wp-json\/wp\/v2\/pages\/2090\/revisions"}],"predecessor-version":[{"id":2110,"href":"https:\/\/newphoxstudio.fr\/index.php\/wp-json\/wp\/v2\/pages\/2090\/revisions\/2110"}],"wp:attachment":[{"href":"https:\/\/newphoxstudio.fr\/index.php\/wp-json\/wp\/v2\/media?parent=2090"}],"curies":[{"name":"wp","href":"https:\/\/api.w.org\/{rel}","templated":true}]}}