{"id":1489,"date":"2020-02-24T15:00:25","date_gmt":"2020-02-24T13:00:25","guid":{"rendered":"http:\/\/newphoxstudio.fr\/?page_id=1489"},"modified":"2020-03-04T16:22:13","modified_gmt":"2020-03-04T14:22:13","slug":"notre-expertise","status":"publish","type":"page","link":"https:\/\/newphoxstudio.fr\/index.php\/notre-expertise\/","title":{"rendered":"Notre expertise"},"content":{"rendered":"<p><div class=\"fusion-fullwidth fullwidth-box nonhundred-percent-fullwidth non-hundred-percent-height-scrolling\"  style='background-color: rgba(255,255,255,0);background-position: center center;background-repeat: no-repeat;padding-top:0px;padding-right:0px;padding-bottom:0px;padding-left:0px;'><div class=\"fusion-builder-row fusion-row \"><div  class=\"fusion-layout-column fusion_builder_column fusion_builder_column_1_1 fusion-builder-column-1 fusion-one-full fusion-column-first fusion-column-last 1_1\"  style='margin-top:0px;margin-bottom:0px;'>\n\t\t\t\t\t<div class=\"fusion-column-wrapper\" style=\"padding: 0px 0px 0px 0px;background-position:left top;background-repeat:no-repeat;-webkit-background-size:cover;-moz-background-size:cover;-o-background-size:cover;background-size:cover;\"   data-bg-url=\"\">\n\t\t\t\t\t\t<div class=\"fusion-text\"><h4 class=\"p1\" style=\"text-align: center;\">Nos reportages incarnent une double expertise : descriptif et \u00e9motion. C&rsquo;est notre marque de fabrique.<br \/>\nNous avons toute l\u2019expertise requise pour vous produire de belles images, et atteindre vos objectifs.<\/h4>\n<\/div><div class=\"fusion-clearfix\"><\/div>\n\n\t\t\t\t\t<\/div>\n\t\t\t\t<\/div><\/div><\/div><div class=\"fusion-fullwidth fullwidth-box nonhundred-percent-fullwidth non-hundred-percent-height-scrolling fusion-equal-height-columns\"  style='background-color: #212326;background-position: left top;background-repeat: no-repeat;padding-top:0px;padding-right:0px;padding-bottom:0px;padding-left:0px;border-top-width:0px;border-bottom-width:0px;border-color:#eae9e9;border-top-style:solid;border-bottom-style:solid;'><div class=\"fusion-builder-row fusion-row \"><div  class=\"fusion-layout-column fusion_builder_column fusion_builder_column_1_1 fusion-builder-column-2 fusion-one-full fusion-column-first fusion-column-last 1_1\"  style='margin-top:0px;margin-bottom:0px;'>\n\t\t\t\t\t<div class=\"fusion-column-wrapper\" style=\"padding: 60px 0px 0px 0px;background-position:left top;background-repeat:no-repeat;-webkit-background-size:cover;-moz-background-size:cover;-o-background-size:cover;background-size:cover;\"   data-bg-url=\"\">\n\t\t\t\t\t\t<div class=\"fusion-image-carousel fusion-image-carousel-auto\"><div class=\"fusion-carousel\" data-autoplay=\"yes\" data-columns=\"4\" data-itemmargin=\"13\" data-itemwidth=\"180\" data-touchscroll=\"no\" data-imagesize=\"auto\"><div class=\"fusion-carousel-positioner\"><ul class=\"fusion-carousel-holder\"><li class=\"fusion-carousel-item\"><div class=\"fusion-carousel-item-wrapper\"><div class=\"fusion-image-wrapper hover-type-none\"><img width=\"4288\" height=\"2848\" src=\"https:\/\/newphoxstudio.fr\/wp-content\/uploads\/2020\/02\/nps-couples-plage-200x133.jpg\" class=\"attachment-full size-full\" alt=\"\" decoding=\"async\" loading=\"lazy\" srcset=\"https:\/\/newphoxstudio.fr\/wp-content\/uploads\/2020\/02\/nps-couples-plage-200x133.jpg 200w, https:\/\/newphoxstudio.fr\/wp-content\/uploads\/2020\/02\/nps-couples-plage-400x266.jpg 400w, https:\/\/newphoxstudio.fr\/wp-content\/uploads\/2020\/02\/nps-couples-plage-600x399.jpg 600w, https:\/\/newphoxstudio.fr\/wp-content\/uploads\/2020\/02\/nps-couples-plage-800x531.jpg 800w, https:\/\/newphoxstudio.fr\/wp-content\/uploads\/2020\/02\/nps-couples-plage-1200x797.jpg 1200w, https:\/\/newphoxstudio.fr\/wp-content\/uploads\/2020\/02\/nps-couples-plage.jpg 4288w\" sizes=\"(min-width: 2200px) 100vw, (min-width: 1186px) 283px, (min-width: 1004px) 377px, (min-width: 822px) 566px, (min-width: 640px) 822px, \" \/><\/div><\/div><\/li><li class=\"fusion-carousel-item\"><div class=\"fusion-carousel-item-wrapper\"><div class=\"fusion-image-wrapper hover-type-none\"><img width=\"7087\" height=\"4715\" src=\"https:\/\/newphoxstudio.fr\/wp-content\/uploads\/2020\/02\/nps-fleuves-200x133.jpg\" class=\"attachment-full size-full\" alt=\"\" decoding=\"async\" loading=\"lazy\" srcset=\"https:\/\/newphoxstudio.fr\/wp-content\/uploads\/2020\/02\/nps-fleuves-200x133.jpg 200w, https:\/\/newphoxstudio.fr\/wp-content\/uploads\/2020\/02\/nps-fleuves-400x266.jpg 400w, https:\/\/newphoxstudio.fr\/wp-content\/uploads\/2020\/02\/nps-fleuves-600x399.jpg 600w, https:\/\/newphoxstudio.fr\/wp-content\/uploads\/2020\/02\/nps-fleuves-800x532.jpg 800w, https:\/\/newphoxstudio.fr\/wp-content\/uploads\/2020\/02\/nps-fleuves-1200x798.jpg 1200w, https:\/\/newphoxstudio.fr\/wp-content\/uploads\/2020\/02\/nps-fleuves.jpg 7087w\" sizes=\"(min-width: 2200px) 100vw, (min-width: 1186px) 283px, (min-width: 1004px) 377px, (min-width: 822px) 566px, (min-width: 640px) 822px, \" \/><\/div><\/div><\/li><li class=\"fusion-carousel-item\"><div class=\"fusion-carousel-item-wrapper\"><div class=\"fusion-image-wrapper hover-type-none\"><img width=\"7087\" height=\"4714\" src=\"https:\/\/newphoxstudio.fr\/wp-content\/uploads\/2020\/02\/nps-chambre-reservation-200x133.jpg\" class=\"attachment-full size-full\" alt=\"\" decoding=\"async\" loading=\"lazy\" srcset=\"https:\/\/newphoxstudio.fr\/wp-content\/uploads\/2020\/02\/nps-chambre-reservation-200x133.jpg 200w, https:\/\/newphoxstudio.fr\/wp-content\/uploads\/2020\/02\/nps-chambre-reservation-400x266.jpg 400w, https:\/\/newphoxstudio.fr\/wp-content\/uploads\/2020\/02\/nps-chambre-reservation-600x399.jpg 600w, https:\/\/newphoxstudio.fr\/wp-content\/uploads\/2020\/02\/nps-chambre-reservation-800x532.jpg 800w, https:\/\/newphoxstudio.fr\/wp-content\/uploads\/2020\/02\/nps-chambre-reservation-1200x798.jpg 1200w, https:\/\/newphoxstudio.fr\/wp-content\/uploads\/2020\/02\/nps-chambre-reservation.jpg 7087w\" sizes=\"(min-width: 2200px) 100vw, (min-width: 1186px) 283px, (min-width: 1004px) 377px, (min-width: 822px) 566px, (min-width: 640px) 822px, \" \/><\/div><\/div><\/li><li class=\"fusion-carousel-item\"><div class=\"fusion-carousel-item-wrapper\"><div class=\"fusion-image-wrapper hover-type-none\"><img width=\"4256\" height=\"2832\" src=\"https:\/\/newphoxstudio.fr\/wp-content\/uploads\/2020\/02\/nps-animation-enfant-200x133.jpg\" class=\"attachment-full size-full\" alt=\"\" decoding=\"async\" loading=\"lazy\" srcset=\"https:\/\/newphoxstudio.fr\/wp-content\/uploads\/2020\/02\/nps-animation-enfant-200x133.jpg 200w, https:\/\/newphoxstudio.fr\/wp-content\/uploads\/2020\/02\/nps-animation-enfant-400x266.jpg 400w, https:\/\/newphoxstudio.fr\/wp-content\/uploads\/2020\/02\/nps-animation-enfant-600x399.jpg 600w, https:\/\/newphoxstudio.fr\/wp-content\/uploads\/2020\/02\/nps-animation-enfant-800x532.jpg 800w, https:\/\/newphoxstudio.fr\/wp-content\/uploads\/2020\/02\/nps-animation-enfant-1200x798.jpg 1200w, https:\/\/newphoxstudio.fr\/wp-content\/uploads\/2020\/02\/nps-animation-enfant.jpg 4256w\" sizes=\"(min-width: 2200px) 100vw, (min-width: 1186px) 283px, (min-width: 1004px) 377px, (min-width: 822px) 566px, (min-width: 640px) 822px, \" \/><\/div><\/div><\/li><li class=\"fusion-carousel-item\"><div class=\"fusion-carousel-item-wrapper\"><div class=\"fusion-image-wrapper hover-type-none\"><img width=\"3071\" height=\"2043\" src=\"https:\/\/newphoxstudio.fr\/wp-content\/uploads\/2020\/02\/nps-Ardeche-200x133.jpg\" class=\"attachment-full size-full\" alt=\"\" decoding=\"async\" loading=\"lazy\" srcset=\"https:\/\/newphoxstudio.fr\/wp-content\/uploads\/2020\/02\/nps-Ardeche-200x133.jpg 200w, https:\/\/newphoxstudio.fr\/wp-content\/uploads\/2020\/02\/nps-Ardeche-400x266.jpg 400w, https:\/\/newphoxstudio.fr\/wp-content\/uploads\/2020\/02\/nps-Ardeche-600x399.jpg 600w, https:\/\/newphoxstudio.fr\/wp-content\/uploads\/2020\/02\/nps-Ardeche-800x532.jpg 800w, https:\/\/newphoxstudio.fr\/wp-content\/uploads\/2020\/02\/nps-Ardeche-1200x798.jpg 1200w, https:\/\/newphoxstudio.fr\/wp-content\/uploads\/2020\/02\/nps-Ardeche.jpg 3071w\" sizes=\"(min-width: 2200px) 100vw, (min-width: 1186px) 283px, (min-width: 1004px) 377px, (min-width: 822px) 566px, (min-width: 640px) 822px, \" \/><\/div><\/div><\/li><li class=\"fusion-carousel-item\"><div class=\"fusion-carousel-item-wrapper\"><div class=\"fusion-image-wrapper hover-type-none\"><img width=\"4252\" height=\"2824\" src=\"https:\/\/newphoxstudio.fr\/wp-content\/uploads\/2020\/02\/nps-terroir-patrimoine-200x133.jpg\" class=\"attachment-full size-full\" alt=\"\" decoding=\"async\" loading=\"lazy\" srcset=\"https:\/\/newphoxstudio.fr\/wp-content\/uploads\/2020\/02\/nps-terroir-patrimoine-200x133.jpg 200w, https:\/\/newphoxstudio.fr\/wp-content\/uploads\/2020\/02\/nps-terroir-patrimoine-400x266.jpg 400w, https:\/\/newphoxstudio.fr\/wp-content\/uploads\/2020\/02\/nps-terroir-patrimoine-600x398.jpg 600w, https:\/\/newphoxstudio.fr\/wp-content\/uploads\/2020\/02\/nps-terroir-patrimoine-800x531.jpg 800w, https:\/\/newphoxstudio.fr\/wp-content\/uploads\/2020\/02\/nps-terroir-patrimoine-1200x797.jpg 1200w, https:\/\/newphoxstudio.fr\/wp-content\/uploads\/2020\/02\/nps-terroir-patrimoine.jpg 4252w\" sizes=\"(min-width: 2200px) 100vw, (min-width: 1186px) 283px, (min-width: 1004px) 377px, (min-width: 822px) 566px, (min-width: 640px) 822px, \" \/><\/div><\/div><\/li><li class=\"fusion-carousel-item\"><div class=\"fusion-carousel-item-wrapper\"><div class=\"fusion-image-wrapper hover-type-none\"><img width=\"4256\" height=\"2832\" src=\"https:\/\/newphoxstudio.fr\/wp-content\/uploads\/2020\/02\/nps-Glisse-Telemark-200x133.jpg\" class=\"attachment-full size-full\" alt=\"\" decoding=\"async\" loading=\"lazy\" srcset=\"https:\/\/newphoxstudio.fr\/wp-content\/uploads\/2020\/02\/nps-Glisse-Telemark-200x133.jpg 200w, https:\/\/newphoxstudio.fr\/wp-content\/uploads\/2020\/02\/nps-Glisse-Telemark-400x266.jpg 400w, https:\/\/newphoxstudio.fr\/wp-content\/uploads\/2020\/02\/nps-Glisse-Telemark-600x399.jpg 600w, https:\/\/newphoxstudio.fr\/wp-content\/uploads\/2020\/02\/nps-Glisse-Telemark-800x532.jpg 800w, https:\/\/newphoxstudio.fr\/wp-content\/uploads\/2020\/02\/nps-Glisse-Telemark-1200x798.jpg 1200w, https:\/\/newphoxstudio.fr\/wp-content\/uploads\/2020\/02\/nps-Glisse-Telemark.jpg 4256w\" sizes=\"(min-width: 2200px) 100vw, (min-width: 1186px) 283px, (min-width: 1004px) 377px, (min-width: 822px) 566px, (min-width: 640px) 822px, \" \/><\/div><\/div><\/li><\/ul><div class=\"fusion-carousel-nav\"><span class=\"fusion-nav-prev\"><\/span><span class=\"fusion-nav-next\"><\/span><\/div><\/div><\/div><\/div><div class=\"fusion-clearfix\"><\/div>\n\n\t\t\t\t\t<\/div>\n\t\t\t\t<\/div><\/div><\/div><div class=\"fusion-fullwidth fullwidth-box nonhundred-percent-fullwidth non-hundred-percent-height-scrolling fusion-equal-height-columns\"  style='background-color: rgba(255,255,255,0);background-position: center center;background-repeat: no-repeat;padding-right:0px;padding-bottom:40px;padding-left:0px;'><div class=\"fusion-builder-row fusion-row \"><div  class=\"fusion-layout-column fusion_builder_column fusion_builder_column_1_1 fusion-builder-column-3 fusion-one-full fusion-column-first fusion-column-last 1_1\"  style='margin-top:0px;margin-bottom:0px;'>\n\t\t\t\t\t<div class=\"fusion-column-wrapper\" style=\"padding: 30px 0px 0px 0px;background-position:left top;background-repeat:no-repeat;-webkit-background-size:cover;-moz-background-size:cover;-o-background-size:cover;background-size:cover;\"   data-bg-url=\"\">\n\t\t\t\t\t\t<div class=\"fusion-text\"><p class=\"p1\" style=\"text-align: justify;\"><span style=\"vertical-align: inherit;\"><span style=\"vertical-align: inherit;\">Pour la r\u00e9alisation de nos productions, nous n&rsquo;avons pas oubli\u00e9 que chaque fois que nous d\u00e9clenchons, nous devons d\u00e9crire un lieu, le sublimer et provoquer une \u00e9motion. La photo doit \u00eatre pertinente et susciter l&rsquo;envie. Le mat\u00e9riel peut \u00e9voluer consid\u00e9rablement et les retoucheurs avoir 20ans de photoshop derri\u00e8re eux, faire de belles images n&rsquo;est pas \u00e0 la port\u00e9e de tout le monde. C&rsquo;est un vrai m\u00e9tier. C&rsquo;est notre m\u00e9tier depuis plus de 20 ans. Sous tous les angles, sous toutes les coutures, notre savoir faire et notre culture des tendances actuelles vous assurent des images attractives et pleines d\u2019effervescences Nos reportages sont complets. Rien n\u2019est oubli\u00e9. Notre expertise vous garantit un impact important des images, un large choix d\u2019angles, de plans et de th\u00e8mes d\u00e9velopp\u00e9s. La qualit\u00e9 du rendu sera impeccable.Parce qu\u2019une communication r\u00e9ussie passe par de belles images, nous apportons tous nos soins aux d\u00e9tails et \u00e0 sublimer chaque visuel r\u00e9alis\u00e9. Nous vous fournirons des plans horizontaux et verticaux, larges et serr\u00e9s, avec et sans figurations. Toutes nos images sont trait\u00e9es selon des param\u00e8tres techniques autorisant une utilisation pour l\u2019\u00e9dition et le web.<\/span><\/span><\/p>\n<\/div><div class=\"fusion-image-carousel fusion-image-carousel-auto\"><div class=\"fusion-carousel\" data-autoplay=\"no\" data-columns=\"2\" data-itemmargin=\"13\" data-itemwidth=\"180\" data-touchscroll=\"no\" data-imagesize=\"auto\"><div class=\"fusion-carousel-positioner\"><ul class=\"fusion-carousel-holder\"><li class=\"fusion-carousel-item\"><div class=\"fusion-carousel-item-wrapper\"><div class=\"fusion-image-wrapper hover-type-none\"><img width=\"3071\" height=\"2040\" src=\"https:\/\/newphoxstudio.fr\/wp-content\/uploads\/2020\/02\/nps-Gite-location-600x399.jpg\" class=\"attachment-full size-full\" alt=\"\" decoding=\"async\" loading=\"lazy\" srcset=\"https:\/\/newphoxstudio.fr\/wp-content\/uploads\/2020\/02\/nps-Gite-location-200x133.jpg 200w, https:\/\/newphoxstudio.fr\/wp-content\/uploads\/2020\/02\/nps-Gite-location-400x266.jpg 400w, https:\/\/newphoxstudio.fr\/wp-content\/uploads\/2020\/02\/nps-Gite-location-600x399.jpg 600w, https:\/\/newphoxstudio.fr\/wp-content\/uploads\/2020\/02\/nps-Gite-location-800x531.jpg 800w, https:\/\/newphoxstudio.fr\/wp-content\/uploads\/2020\/02\/nps-Gite-location-1200x797.jpg 1200w, https:\/\/newphoxstudio.fr\/wp-content\/uploads\/2020\/02\/nps-Gite-location.jpg 3071w\" sizes=\"(min-width: 2200px) 100vw, (min-width: 822px) 579px, (min-width: 640px) 822px, \" \/><\/div><\/div><\/li><li class=\"fusion-carousel-item\"><div class=\"fusion-carousel-item-wrapper\"><div class=\"fusion-image-wrapper hover-type-none\"><img width=\"4288\" height=\"2848\" src=\"https:\/\/newphoxstudio.fr\/wp-content\/uploads\/2020\/02\/NPS-kite-surf-600x399.jpg\" class=\"attachment-full size-full\" alt=\"\" decoding=\"async\" loading=\"lazy\" srcset=\"https:\/\/newphoxstudio.fr\/wp-content\/uploads\/2020\/02\/NPS-kite-surf-200x133.jpg 200w, https:\/\/newphoxstudio.fr\/wp-content\/uploads\/2020\/02\/NPS-kite-surf-400x266.jpg 400w, https:\/\/newphoxstudio.fr\/wp-content\/uploads\/2020\/02\/NPS-kite-surf-600x399.jpg 600w, https:\/\/newphoxstudio.fr\/wp-content\/uploads\/2020\/02\/NPS-kite-surf-800x531.jpg 800w, https:\/\/newphoxstudio.fr\/wp-content\/uploads\/2020\/02\/NPS-kite-surf-1200x797.jpg 1200w, https:\/\/newphoxstudio.fr\/wp-content\/uploads\/2020\/02\/NPS-kite-surf.jpg 4288w\" sizes=\"(min-width: 2200px) 100vw, (min-width: 822px) 579px, (min-width: 640px) 822px, \" \/><\/div><\/div><\/li><\/ul><div class=\"fusion-carousel-nav\"><span class=\"fusion-nav-prev\"><\/span><span class=\"fusion-nav-next\"><\/span><\/div><\/div><\/div><\/div><div class=\"fusion-text\"><p class=\"p1\" style=\"text-align: justify;\">L\u2019optimisation du reportage est incontournable. Nous mettons \u00e0 votre disposition toutes nos ressources pour vous apporter toutes les comp\u00e9tences afin d\u2019offrir une r\u00e9ponse globale et pertinente \u00e0 toutes vos demandes. Notre expertise et nos savoirs faites multiples reposent sur une recherche continue des meilleures solutions du march\u00e9, et une exp\u00e9rience op\u00e9rationnelle de leur mise en oeuvre. Le mat\u00e9riel photo et Vid\u00e9o est ce qui se fait de mieux. Les collaborateurs de l\u2019agence (stylistes, d\u00e9veloppeurs, retoucheur s&#8230;etc\u2026) sont tous des sp\u00e9cialistes confirm\u00e9s dans l\u2019image. V\u00e9ritables experts dans leur domaine, nous avons su construire une r\u00e9putation solide et s\u00e9rieuse en mati\u00e8re du reportage, qui nous a permis d\u2019accompagner le d\u00e9veloppement des principaux acteurs du tourisme.<\/p>\n<\/div><div class=\"fusion-clearfix\"><\/div>\n\n\t\t\t\t\t<\/div>\n\t\t\t\t<\/div><\/div><\/div><div class=\"fusion-fullwidth fullwidth-box fusion-parallax-none nonhundred-percent-fullwidth non-hundred-percent-height-scrolling\"  style='background-color: #212326;background-image: url(\"https:\/\/newphoxstudio.fr\/wp-content\/uploads\/2020\/02\/nps-Massif-alpins-sommetsJPG-1200x797.jpg\");background-position: center center;background-repeat: no-repeat;padding-top:10px;padding-right:0px;padding-bottom:10px;padding-left:0px;border-top-width:0px;border-bottom-width:0px;border-color:#eae9e9;border-top-style:solid;border-bottom-style:solid;-webkit-background-size:cover;-moz-background-size:cover;-o-background-size:cover;background-size:cover;'><div class=\"fusion-builder-row fusion-row \"><div  class=\"fusion-layout-column fusion_builder_column fusion_builder_column_1_1 fusion-builder-column-4 fusion-one-full fusion-column-first fusion-column-last 1_1\"  style='margin-top:0px;margin-bottom:40px;'>\n\t\t\t\t\t<div class=\"fusion-column-wrapper\" style=\"padding: 3% 10% 3% 10%;background-position:left top;background-repeat:no-repeat;-webkit-background-size:cover;-moz-background-size:cover;-o-background-size:cover;background-size:cover;\"   data-bg-url=\"\">\n\t\t\t\t\t\t<div class=\"fusion-column-content-centered\"><div class=\"fusion-column-content\"><div class=\"fusion-text\"><h3 class=\"p1\" style=\"text-align: center;\">L\u2019ADN de l\u2019agence : L\u2019innovation; notre r\u00e9activit\u00e9 toujours mis en oeuvre; passion pour les technologies High-tech; La veille et la cr\u00e9ativit\u00e9.<\/h3>\n<\/div><\/div><\/div><div class=\"fusion-clearfix\"><\/div>\n\n\t\t\t\t\t<\/div>\n\t\t\t\t<\/div><\/div><\/div><div class=\"fusion-fullwidth fullwidth-box nonhundred-percent-fullwidth non-hundred-percent-height-scrolling fusion-equal-height-columns\"  style='background-color: #212326;background-position: left top;background-repeat: no-repeat;padding-top:10px;padding-right:0px;padding-bottom:10px;padding-left:0px;border-top-width:0px;border-bottom-width:0px;border-color:#eae9e9;border-top-style:solid;border-bottom-style:solid;'><div class=\"fusion-builder-row fusion-row \"><div  class=\"fusion-layout-column fusion_builder_column fusion_builder_column_1_2 fusion-builder-column-5 fusion-one-half fusion-column-first 1_2\"  style='margin-top:40px;margin-bottom:40px;width:48%; margin-right: 4%;'>\n\t\t\t\t\t<div class=\"fusion-column-wrapper\" style=\"padding: 0% 10% 0% 10%;background-position:left top;background-repeat:no-repeat;-webkit-background-size:cover;-moz-background-size:cover;-o-background-size:cover;background-size:cover;\"   data-bg-url=\"\">\n\t\t\t\t\t\t<div class=\"fusion-column-content-centered\"><div class=\"fusion-column-content\"><div class=\"fusion-text\"><p class=\"p1\" style=\"text-align: justify;\">Il est extr\u00eamement rare d\u2019obtenir la composition parfaite. Les bonnes photos requi\u00e8rent toujours des ajustements et de la patience. NPS en a le savoir faire. Selon la rigueur de notre m\u00e9thodologie et un process largement approuv\u00e9, chaque s\u00e9rie de prises de vues est v\u00e9ritablement d\u00e9lib\u00e9r\u00e9e, puis suivi d\u2019action concr\u00e8tes, r\u00e9alistes et toujours adapt\u00e9es. Enfin, pour shooter des instants de vies dans un environnement privil\u00e9gi\u00e9, nous savons toujours solliciter les bons personnages. Pour cela aussi nous avons notre secret. Cette capacit\u00e9 \u00e0 mobiliser tout en douceur, toutes les \u00e9nergies pour la figuration (mod\u00e8les tarif\u00e9es; client\u00e8le, staff) est depuis toujours la force de l\u2019agence.<\/p>\n<\/div><\/div><\/div><div class=\"fusion-clearfix\"><\/div>\n\n\t\t\t\t\t<\/div>\n\t\t\t\t<\/div><div  class=\"fusion-layout-column fusion_builder_column fusion_builder_column_1_2 fusion-builder-column-6 fusion-one-half fusion-column-last 1_2\"  style='margin-top:40px;margin-bottom:40px;width:48%'>\n\t\t\t\t\t<div class=\"fusion-column-wrapper\" style=\"padding: 0% 10% 0% 10%;background-position:left top;background-repeat:no-repeat;-webkit-background-size:cover;-moz-background-size:cover;-o-background-size:cover;background-size:cover;\"   data-bg-url=\"\">\n\t\t\t\t\t\t<div class=\"fusion-column-content-centered\"><div class=\"fusion-column-content\"><style type=\"text\/css\" scoped=\"scoped\">.fusion-gallery-1 .fusion-gallery-image {border:0px solid #f6f6f6;}<\/style><div class=\"fusion-gallery fusion-gallery-container fusion-grid-2 fusion-columns-total-0 fusion-gallery-layout-grid fusion-gallery-1\" style=\"margin:-5px;\"><div style=\"padding:5px;\" class=\"fusion-grid-column fusion-gallery-column fusion-gallery-column-2 hover-type-none\"><div class=\"fusion-gallery-image\"><a href=\"https:\/\/newphoxstudio.fr\/wp-content\/uploads\/2020\/02\/nps-Normandie-Honfleur.jpg\" data-rel=\"iLightbox[gallery_image_1]\" class=\"fusion-lightbox\" target=\"_self\"><img decoding=\"async\" loading=\"lazy\" src=\"https:\/\/newphoxstudio.fr\/wp-content\/uploads\/2020\/02\/nps-Normandie-Honfleur-200x133.jpg\" width=\"4256\" height=\"2832\" alt=\"\" title=\"nps-Normandie Honfleur\" aria-label=\"nps-Normandie Honfleur\" class=\"img-responsive wp-image-1530\" srcset=\"https:\/\/newphoxstudio.fr\/wp-content\/uploads\/2020\/02\/nps-Normandie-Honfleur-200x133.jpg 200w, https:\/\/newphoxstudio.fr\/wp-content\/uploads\/2020\/02\/nps-Normandie-Honfleur-400x266.jpg 400w, https:\/\/newphoxstudio.fr\/wp-content\/uploads\/2020\/02\/nps-Normandie-Honfleur-600x399.jpg 600w, https:\/\/newphoxstudio.fr\/wp-content\/uploads\/2020\/02\/nps-Normandie-Honfleur-800x532.jpg 800w, https:\/\/newphoxstudio.fr\/wp-content\/uploads\/2020\/02\/nps-Normandie-Honfleur-1200x798.jpg 1200w\" sizes=\"(min-width: 2200px) 100vw, (min-width: 822px) 583px, (min-width: 640px) 822px, \" \/><\/a><\/div><\/div><div style=\"padding:5px;\" class=\"fusion-grid-column fusion-gallery-column fusion-gallery-column-2 hover-type-none\"><div class=\"fusion-gallery-image\"><a href=\"https:\/\/newphoxstudio.fr\/wp-content\/uploads\/2020\/02\/nps-plage-du-lLanguedoc.jpg\" data-rel=\"iLightbox[gallery_image_1]\" class=\"fusion-lightbox\" target=\"_self\"><img decoding=\"async\" loading=\"lazy\" src=\"https:\/\/newphoxstudio.fr\/wp-content\/uploads\/2020\/02\/nps-plage-du-lLanguedoc-200x133.jpg\" width=\"7087\" height=\"4716\" alt=\"\" title=\"nps-plage du lLanguedoc\" aria-label=\"nps-plage du lLanguedoc\" class=\"img-responsive wp-image-1531\" srcset=\"https:\/\/newphoxstudio.fr\/wp-content\/uploads\/2020\/02\/nps-plage-du-lLanguedoc-200x133.jpg 200w, https:\/\/newphoxstudio.fr\/wp-content\/uploads\/2020\/02\/nps-plage-du-lLanguedoc-400x266.jpg 400w, https:\/\/newphoxstudio.fr\/wp-content\/uploads\/2020\/02\/nps-plage-du-lLanguedoc-600x399.jpg 600w, https:\/\/newphoxstudio.fr\/wp-content\/uploads\/2020\/02\/nps-plage-du-lLanguedoc-800x532.jpg 800w, https:\/\/newphoxstudio.fr\/wp-content\/uploads\/2020\/02\/nps-plage-du-lLanguedoc-1200x799.jpg 1200w\" sizes=\"(min-width: 2200px) 100vw, (min-width: 822px) 583px, (min-width: 640px) 822px, \" \/><\/a><\/div><\/div><div class=\"clearfix\"><\/div><div style=\"padding:5px;\" class=\"fusion-grid-column fusion-gallery-column fusion-gallery-column-2 hover-type-none\"><div class=\"fusion-gallery-image\"><a href=\"https:\/\/newphoxstudio.fr\/wp-content\/uploads\/2020\/02\/nps-Tourisme-histoire.jpg\" data-rel=\"iLightbox[gallery_image_1]\" class=\"fusion-lightbox\" target=\"_self\"><img decoding=\"async\" loading=\"lazy\" src=\"https:\/\/newphoxstudio.fr\/wp-content\/uploads\/2020\/02\/nps-Tourisme-histoire-200x133.jpg\" width=\"4252\" height=\"2829\" alt=\"\" title=\"nps-Tourisme histoire\" aria-label=\"nps-Tourisme histoire\" class=\"img-responsive wp-image-1533\" srcset=\"https:\/\/newphoxstudio.fr\/wp-content\/uploads\/2020\/02\/nps-Tourisme-histoire-200x133.jpg 200w, https:\/\/newphoxstudio.fr\/wp-content\/uploads\/2020\/02\/nps-Tourisme-histoire-400x266.jpg 400w, https:\/\/newphoxstudio.fr\/wp-content\/uploads\/2020\/02\/nps-Tourisme-histoire-600x399.jpg 600w, https:\/\/newphoxstudio.fr\/wp-content\/uploads\/2020\/02\/nps-Tourisme-histoire-800x532.jpg 800w, https:\/\/newphoxstudio.fr\/wp-content\/uploads\/2020\/02\/nps-Tourisme-histoire-1200x798.jpg 1200w\" sizes=\"(min-width: 2200px) 100vw, (min-width: 822px) 583px, (min-width: 640px) 822px, \" \/><\/a><\/div><\/div><div style=\"padding:5px;\" class=\"fusion-grid-column fusion-gallery-column fusion-gallery-column-2 hover-type-none\"><div class=\"fusion-gallery-image\"><a href=\"https:\/\/newphoxstudio.fr\/wp-content\/uploads\/2020\/02\/nps-ski-de-fond.jpg\" data-rel=\"iLightbox[gallery_image_1]\" class=\"fusion-lightbox\" target=\"_self\"><img decoding=\"async\" loading=\"lazy\" src=\"https:\/\/newphoxstudio.fr\/wp-content\/uploads\/2020\/02\/nps-ski-de-fond-200x133.jpg\" width=\"7087\" height=\"4707\" alt=\"\" title=\"nps-ski de fond\" aria-label=\"nps-ski de fond\" class=\"img-responsive wp-image-1532\" srcset=\"https:\/\/newphoxstudio.fr\/wp-content\/uploads\/2020\/02\/nps-ski-de-fond-200x133.jpg 200w, https:\/\/newphoxstudio.fr\/wp-content\/uploads\/2020\/02\/nps-ski-de-fond-400x266.jpg 400w, https:\/\/newphoxstudio.fr\/wp-content\/uploads\/2020\/02\/nps-ski-de-fond-600x399.jpg 600w, https:\/\/newphoxstudio.fr\/wp-content\/uploads\/2020\/02\/nps-ski-de-fond-800x531.jpg 800w, https:\/\/newphoxstudio.fr\/wp-content\/uploads\/2020\/02\/nps-ski-de-fond-1200x797.jpg 1200w\" sizes=\"(min-width: 2200px) 100vw, (min-width: 822px) 583px, (min-width: 640px) 822px, \" \/><\/a><\/div><\/div><div class=\"clearfix\"><\/div><\/div><\/div><\/div><div class=\"fusion-clearfix\"><\/div>\n\n\t\t\t\t\t<\/div>\n\t\t\t\t<\/div><\/div><\/div><\/p>\n","protected":false},"excerpt":{"rendered":"","protected":false},"author":1,"featured_media":0,"parent":0,"menu_order":0,"comment_status":"closed","ping_status":"closed","template":"100-width.php","meta":{"_bbp_topic_count":0,"_bbp_reply_count":0,"_bbp_total_topic_count":0,"_bbp_total_reply_count":0,"_bbp_voice_count":0,"_bbp_anonymous_reply_count":0,"_bbp_topic_count_hidden":0,"_bbp_reply_count_hidden":0,"_bbp_forum_subforum_count":0},"_links":{"self":[{"href":"https:\/\/newphoxstudio.fr\/index.php\/wp-json\/wp\/v2\/pages\/1489"}],"collection":[{"href":"https:\/\/newphoxstudio.fr\/index.php\/wp-json\/wp\/v2\/pages"}],"about":[{"href":"https:\/\/newphoxstudio.fr\/index.php\/wp-json\/wp\/v2\/types\/page"}],"author":[{"embeddable":true,"href":"https:\/\/newphoxstudio.fr\/index.php\/wp-json\/wp\/v2\/users\/1"}],"replies":[{"embeddable":true,"href":"https:\/\/newphoxstudio.fr\/index.php\/wp-json\/wp\/v2\/comments?post=1489"}],"version-history":[{"count":52,"href":"https:\/\/newphoxstudio.fr\/index.php\/wp-json\/wp\/v2\/pages\/1489\/revisions"}],"predecessor-version":[{"id":1954,"href":"https:\/\/newphoxstudio.fr\/index.php\/wp-json\/wp\/v2\/pages\/1489\/revisions\/1954"}],"wp:attachment":[{"href":"https:\/\/newphoxstudio.fr\/index.php\/wp-json\/wp\/v2\/media?parent=1489"}],"curies":[{"name":"wp","href":"https:\/\/api.w.org\/{rel}","templated":true}]}}