{"id":1301,"date":"2020-02-04T11:13:36","date_gmt":"2020-02-04T09:13:36","guid":{"rendered":"http:\/\/newphoxstudio.fr\/?page_id=1301"},"modified":"2020-03-04T16:16:24","modified_gmt":"2020-03-04T14:16:24","slug":"nos-valeurs","status":"publish","type":"page","link":"https:\/\/newphoxstudio.fr\/index.php\/nos-valeurs\/","title":{"rendered":"Nos valeurs"},"content":{"rendered":"<p><div class=\"fusion-fullwidth fullwidth-box nonhundred-percent-fullwidth non-hundred-percent-height-scrolling\"  style='background-color: #212326;background-position: left top;background-repeat: no-repeat;padding-top:50px;padding-right:0px;padding-bottom:0px;padding-left:0px;border-top-width:0px;border-bottom-width:0px;border-color:#eae9e9;border-top-style:solid;border-bottom-style:solid;'><div class=\"fusion-builder-row fusion-row \"><div  class=\"fusion-layout-column fusion_builder_column fusion_builder_column_1_1 fusion-builder-column-1 fusion-one-full fusion-column-first fusion-column-last 1_1\"  style='margin-top:0px;margin-bottom:40px;'>\n\t\t\t\t\t<div class=\"fusion-column-wrapper\" style=\"padding: 0% 0px 0% 0px;background-position:left top;background-repeat:no-repeat;-webkit-background-size:cover;-moz-background-size:cover;-o-background-size:cover;background-size:cover;\"   data-bg-url=\"\">\n\t\t\t\t\t\t<div class=\"fusion-text\"><h1 class=\"p1\" style=\"text-align: center;\">Qualit\u00e9, r\u00e9activit\u00e9, cr\u00e9ativit\u00e9 et innovation<br \/>\nsont les valeurs de nos productions.<\/h1>\n<\/div><div class=\"fusion-text\"><p class=\"p1\" style=\"text-align: center;\"><span class=\"s1\"><b>Illustrer votre activit\u00e9, transmettre vos valeurs et votre identit\u00e9<\/b> sont notre seul objectif.<br \/>\n<\/span><span class=\"s1\">Vous obtiendrez assur\u00e9ment les images que vous attendez, de qualit\u00e9s parfaites et irr\u00e9prochables.<\/span><\/p>\n<\/div><div class=\"fusion-clearfix\"><\/div>\n\n\t\t\t\t\t<\/div>\n\t\t\t\t<\/div><\/div><\/div><div class=\"fusion-fullwidth fullwidth-box nonhundred-percent-fullwidth non-hundred-percent-height-scrolling fusion-equal-height-columns\"  style='background-color: rgba(255,255,255,0);background-position: center center;background-repeat: no-repeat;padding-top:0PX;padding-right:0px;padding-bottom:15PX;padding-left:0px;'><div class=\"fusion-builder-row fusion-row \"><div  class=\"fusion-layout-column fusion_builder_column fusion_builder_column_1_1 fusion-builder-column-2 fusion-one-full fusion-column-first fusion-column-last fusion-column-no-min-height 1_1\"  style='margin-top:0px;margin-bottom:0px;'>\n\t\t\t\t\t<div class=\"fusion-column-wrapper\" style=\"padding: 30px 0px 0px 0px;background-position:left top;background-repeat:no-repeat;-webkit-background-size:cover;-moz-background-size:cover;-o-background-size:cover;background-size:cover;\"   data-bg-url=\"\">\n\t\t\t\t\t\t<div class=\"fusion-text\"><h3 class=\"p1\" style=\"text-align: center;\">Nous pla\u00e7ons la qualit\u00e9 au coeur de toutes nos op\u00e9rations :<\/h3>\n<\/div><div class=\"fusion-builder-row fusion-builder-row-inner fusion-row \"><div  class=\"fusion-layout-column fusion_builder_column fusion_builder_column_1_2  fusion-one-half fusion-column-first 1_2\"  style='margin-top: 0px;margin-bottom: 0px;width:50%;width:calc(50% - ( ( 4% ) * 0.5 ) );margin-right:4%;'><div class=\"fusion-column-wrapper\" style=\"padding: 0px 0px 0px 0px;background-position:left top;background-repeat:no-repeat;-webkit-background-size:cover;-moz-background-size:cover;-o-background-size:cover;background-size:cover;\"  data-bg-url=\"\"><span class=\"fusion-imageframe imageframe-none imageframe-1 hover-type-none\"><img decoding=\"async\" loading=\"lazy\" src=\"https:\/\/newphoxstudio.fr\/wp-content\/uploads\/2020\/02\/nps-rando-600x398.jpg\" width=\"600\" height=\"398\" alt=\"\" title=\"nps-rando\" class=\"img-responsive wp-image-1324\" srcset=\"https:\/\/newphoxstudio.fr\/wp-content\/uploads\/2020\/02\/nps-rando-200x133.jpg 200w, https:\/\/newphoxstudio.fr\/wp-content\/uploads\/2020\/02\/nps-rando-400x266.jpg 400w, https:\/\/newphoxstudio.fr\/wp-content\/uploads\/2020\/02\/nps-rando-600x398.jpg 600w, https:\/\/newphoxstudio.fr\/wp-content\/uploads\/2020\/02\/nps-rando-800x531.jpg 800w, https:\/\/newphoxstudio.fr\/wp-content\/uploads\/2020\/02\/nps-rando-1200x797.jpg 1200w\" sizes=\"(max-width: 800px) 100vw, 1200px\" \/><\/span><div class=\"fusion-text\"><h4 class=\"p1\" style=\"text-align: left;\">Nos Prods :<\/h4>\n<p class=\"p1\" style=\"text-align: left;\">Nous savons bien que vous \u00eates unique et \u00ab\u00a0qu\u2019une bonne image vaut mille mots \u00bb . C\u2019est pourquoi, nous prenons le plus grand soin \u00e0 capturer les images qui racontent des histoires, suscitent de l\u2019\u00e9motion et vous mettent toujours en valeur. Le sens du d\u00e9tail et la qualit\u00e9 du rendu restent primordiaux pour nous.<\/p>\n<\/div><\/div><\/div><div  class=\"fusion-layout-column fusion_builder_column fusion_builder_column_1_2  fusion-one-half fusion-column-last 1_2\"  style='margin-top: 0px;margin-bottom: 0px;width:50%;width:calc(50% - ( ( 4% ) * 0.5 ) );'><div class=\"fusion-column-wrapper\" style=\"padding: 0px 0px 0px 0px;background-position:left top;background-repeat:no-repeat;-webkit-background-size:cover;-moz-background-size:cover;-o-background-size:cover;background-size:cover;\"  data-bg-url=\"\"><span class=\"fusion-imageframe imageframe-none imageframe-2 hover-type-none\"><img decoding=\"async\" loading=\"lazy\" src=\"https:\/\/newphoxstudio.fr\/wp-content\/uploads\/2020\/02\/nps-Normandie-Honfleur-1200x798.jpg\" width=\"1200\" height=\"798\" alt=\"\" title=\"nps-Normandie Honfleur\" class=\"img-responsive wp-image-1530\" srcset=\"https:\/\/newphoxstudio.fr\/wp-content\/uploads\/2020\/02\/nps-Normandie-Honfleur-200x133.jpg 200w, https:\/\/newphoxstudio.fr\/wp-content\/uploads\/2020\/02\/nps-Normandie-Honfleur-400x266.jpg 400w, https:\/\/newphoxstudio.fr\/wp-content\/uploads\/2020\/02\/nps-Normandie-Honfleur-600x399.jpg 600w, https:\/\/newphoxstudio.fr\/wp-content\/uploads\/2020\/02\/nps-Normandie-Honfleur-800x532.jpg 800w, https:\/\/newphoxstudio.fr\/wp-content\/uploads\/2020\/02\/nps-Normandie-Honfleur-1200x798.jpg 1200w\" sizes=\"(max-width: 800px) 100vw, 1200px\" \/><\/span><div class=\"fusion-text\"><h4 class=\"p1\">Rapport Qualit\u00e9\/Prix :<\/h4>\n<p class=\"p1\">Avec nous, pas de mauvaises surprises, tous les postes de charges sont clairement identifi\u00e9s et les co\u00fbts parfaitement maitris\u00e9s. Nous connaissons bien les enjeux. Vous gagnerez du temps, de la pertinence et atteindrez vos objectifs dans le bon timing.<\/p>\n<\/div><\/div><\/div><div  class=\"fusion-layout-column fusion_builder_column fusion_builder_column_1_2  fusion-one-half fusion-column-first 1_2\"  style='margin-top: 0px;margin-bottom: 0px;width:50%;width:calc(50% - ( ( 4% ) * 0.5 ) );margin-right:4%;'><div class=\"fusion-column-wrapper\" style=\"padding: 0px 0px 0px 0px;background-position:left top;background-repeat:no-repeat;-webkit-background-size:cover;-moz-background-size:cover;-o-background-size:cover;background-size:cover;\"  data-bg-url=\"\"><span class=\"fusion-imageframe imageframe-none imageframe-3 hover-type-none\"><img decoding=\"async\" loading=\"lazy\" src=\"https:\/\/newphoxstudio.fr\/wp-content\/uploads\/2020\/02\/nps-Jura-Vosges-1200x797.jpg\" width=\"1200\" height=\"797\" alt=\"\" title=\"nps-Jura-Vosges\" class=\"img-responsive wp-image-1325\" srcset=\"https:\/\/newphoxstudio.fr\/wp-content\/uploads\/2020\/02\/nps-Jura-Vosges-200x133.jpg 200w, https:\/\/newphoxstudio.fr\/wp-content\/uploads\/2020\/02\/nps-Jura-Vosges-400x266.jpg 400w, https:\/\/newphoxstudio.fr\/wp-content\/uploads\/2020\/02\/nps-Jura-Vosges-600x399.jpg 600w, https:\/\/newphoxstudio.fr\/wp-content\/uploads\/2020\/02\/nps-Jura-Vosges-800x531.jpg 800w, https:\/\/newphoxstudio.fr\/wp-content\/uploads\/2020\/02\/nps-Jura-Vosges-1200x797.jpg 1200w, https:\/\/newphoxstudio.fr\/wp-content\/uploads\/2020\/02\/nps-Jura-Vosges.jpg 1900w\" sizes=\"(max-width: 800px) 100vw, 1200px\" \/><\/span><div class=\"fusion-text\"><h4 class=\"p1\"><span class=\"s1\">Une identification forte :<\/span><\/h4>\n<p class=\"p1\"><span class=\"s1\">Nous nous effor\u00e7ons de produire de belles images pour<b> vous d\u00e9marquer de vos concurrents<\/b> et <b>susciter l\u2019int\u00e9r\u00eat <\/b>de vos cibles.<\/span><\/p>\n<\/div><\/div><\/div><div  class=\"fusion-layout-column fusion_builder_column fusion_builder_column_1_2  fusion-one-half fusion-column-last 1_2\"  style='margin-top: 0px;margin-bottom: 0px;width:50%;width:calc(50% - ( ( 4% ) * 0.5 ) );'><div class=\"fusion-column-wrapper\" style=\"padding: 0px 0px 0px 0px;background-position:left top;background-repeat:no-repeat;-webkit-background-size:cover;-moz-background-size:cover;-o-background-size:cover;background-size:cover;\"  data-bg-url=\"\"><span class=\"fusion-imageframe imageframe-none imageframe-4 hover-type-none\"><img decoding=\"async\" loading=\"lazy\" src=\"https:\/\/newphoxstudio.fr\/wp-content\/uploads\/2020\/02\/nps-visuels-regions-de-France-1200x798.jpg\" width=\"1200\" height=\"798\" alt=\"\" title=\"nps-visuels regions de France\" class=\"img-responsive wp-image-1327\" srcset=\"https:\/\/newphoxstudio.fr\/wp-content\/uploads\/2020\/02\/nps-visuels-regions-de-France-200x133.jpg 200w, https:\/\/newphoxstudio.fr\/wp-content\/uploads\/2020\/02\/nps-visuels-regions-de-France-400x266.jpg 400w, https:\/\/newphoxstudio.fr\/wp-content\/uploads\/2020\/02\/nps-visuels-regions-de-France-600x399.jpg 600w, https:\/\/newphoxstudio.fr\/wp-content\/uploads\/2020\/02\/nps-visuels-regions-de-France-800x532.jpg 800w, https:\/\/newphoxstudio.fr\/wp-content\/uploads\/2020\/02\/nps-visuels-regions-de-France-1200x798.jpg 1200w\" sizes=\"(max-width: 800px) 100vw, 1200px\" \/><\/span><div class=\"fusion-text\"><h4 class=\"p1\"><span class=\"s1\">Un seul objectif, le votre :<\/span><\/h4>\n<p class=\"p1\"><span class=\"s1\">S\u00e9duire et donner envie, tout en d\u00e9clinant les prestations de votre produit. <\/span><span class=\"s1\">\u00catre le plus pr\u00e9cis possible et r\u00e9v\u00e9ler votre <b>fort potentiel d\u2019attractivit\u00e9<\/b> sans jamais \u00eatre mensonger.<\/span><\/p>\n<\/div><\/div><\/div><\/div><div class=\"fusion-clearfix\"><\/div>\n\n\t\t\t\t\t<\/div>\n\t\t\t\t<\/div><\/div><\/div><div class=\"fusion-fullwidth fullwidth-box nonhundred-percent-fullwidth non-hundred-percent-height-scrolling\"  style='background-color: #212326;background-position: center center;background-repeat: no-repeat;padding-top:0px;padding-right:0px;padding-bottom:0px;padding-left:0px;'><div class=\"fusion-builder-row fusion-row \"><div  class=\"fusion-layout-column fusion_builder_column fusion_builder_column_1_1 fusion-builder-column-3 fusion-one-full fusion-column-first fusion-column-last 1_1\"  style='margin-top:0px;margin-bottom:0px;'>\n\t\t\t\t\t<div class=\"fusion-column-wrapper\" style=\"padding: 20px 0px 0px 0px;background-position:left top;background-repeat:no-repeat;-webkit-background-size:cover;-moz-background-size:cover;-o-background-size:cover;background-size:cover;\"   data-bg-url=\"\">\n\t\t\t\t\t\t<div class=\"fusion-text\"><h1 class=\"p1\" style=\"text-align: center;\" data-fontsize=\"16\" data-lineheight=\"35\">\u00ab Votre r\u00e9ussite nous engage \u00bb<\/h1>\n<\/div><div class=\"fusion-image-carousel fusion-image-carousel-auto lightbox-enabled\"><div class=\"fusion-carousel\" data-autoplay=\"yes\" data-columns=\"4\" data-itemmargin=\"13\" data-itemwidth=\"180\" data-touchscroll=\"no\" data-imagesize=\"auto\"><div class=\"fusion-carousel-positioner\"><ul class=\"fusion-carousel-holder\"><li class=\"fusion-carousel-item\"><div class=\"fusion-carousel-item-wrapper\"><div class=\"fusion-image-wrapper hover-type-none\"><a data-rel=\"iLightbox[image_carousel_1]\" data-title=\"nps-famille campagne\" aria-label=\"nps-famille campagne\" href=\"https:\/\/newphoxstudio.fr\/wp-content\/uploads\/2020\/02\/nps-famille-campagne-1200x799.jpg\" target=\"_self\"><img width=\"7087\" height=\"4716\" src=\"https:\/\/newphoxstudio.fr\/wp-content\/uploads\/2020\/02\/nps-famille-campagne-200x133.jpg\" class=\"attachment-full size-full\" alt=\"\" decoding=\"async\" loading=\"lazy\" srcset=\"https:\/\/newphoxstudio.fr\/wp-content\/uploads\/2020\/02\/nps-famille-campagne-200x133.jpg 200w, https:\/\/newphoxstudio.fr\/wp-content\/uploads\/2020\/02\/nps-famille-campagne-400x266.jpg 400w, https:\/\/newphoxstudio.fr\/wp-content\/uploads\/2020\/02\/nps-famille-campagne-600x399.jpg 600w, https:\/\/newphoxstudio.fr\/wp-content\/uploads\/2020\/02\/nps-famille-campagne-800x532.jpg 800w, https:\/\/newphoxstudio.fr\/wp-content\/uploads\/2020\/02\/nps-famille-campagne-1200x799.jpg 1200w, https:\/\/newphoxstudio.fr\/wp-content\/uploads\/2020\/02\/nps-famille-campagne.jpg 7087w\" sizes=\"(min-width: 2200px) 100vw, (min-width: 1186px) 283px, (min-width: 1004px) 377px, (min-width: 822px) 566px, (min-width: 640px) 822px, \" \/><\/a><\/div><\/div><\/li><li class=\"fusion-carousel-item\"><div class=\"fusion-carousel-item-wrapper\"><div class=\"fusion-image-wrapper hover-type-none\"><a data-rel=\"iLightbox[image_carousel_1]\" data-title=\"nps-nord\" aria-label=\"nps-nord\" href=\"https:\/\/newphoxstudio.fr\/wp-content\/uploads\/2020\/02\/nps-nord-1200x799.jpg\" target=\"_self\"><img width=\"7087\" height=\"4716\" src=\"https:\/\/newphoxstudio.fr\/wp-content\/uploads\/2020\/02\/nps-nord-200x133.jpg\" class=\"attachment-full size-full\" alt=\"\" decoding=\"async\" loading=\"lazy\" srcset=\"https:\/\/newphoxstudio.fr\/wp-content\/uploads\/2020\/02\/nps-nord-200x133.jpg 200w, https:\/\/newphoxstudio.fr\/wp-content\/uploads\/2020\/02\/nps-nord-400x266.jpg 400w, https:\/\/newphoxstudio.fr\/wp-content\/uploads\/2020\/02\/nps-nord-600x399.jpg 600w, https:\/\/newphoxstudio.fr\/wp-content\/uploads\/2020\/02\/nps-nord-800x532.jpg 800w, https:\/\/newphoxstudio.fr\/wp-content\/uploads\/2020\/02\/nps-nord-1200x799.jpg 1200w, https:\/\/newphoxstudio.fr\/wp-content\/uploads\/2020\/02\/nps-nord.jpg 7087w\" sizes=\"(min-width: 2200px) 100vw, (min-width: 1186px) 283px, (min-width: 1004px) 377px, (min-width: 822px) 566px, (min-width: 640px) 822px, \" \/><\/a><\/div><\/div><\/li><li class=\"fusion-carousel-item\"><div class=\"fusion-carousel-item-wrapper\"><div class=\"fusion-image-wrapper hover-type-none\"><a data-rel=\"iLightbox[image_carousel_1]\" data-title=\"NPS-Photos de neige\" aria-label=\"NPS-Photos de neige\" href=\"https:\/\/newphoxstudio.fr\/wp-content\/uploads\/2020\/02\/NPS-Photos-de-neige-1200x797.jpg\" target=\"_self\"><img width=\"4288\" height=\"2848\" src=\"https:\/\/newphoxstudio.fr\/wp-content\/uploads\/2020\/02\/NPS-Photos-de-neige-200x133.jpg\" class=\"attachment-full size-full\" alt=\"\" decoding=\"async\" loading=\"lazy\" srcset=\"https:\/\/newphoxstudio.fr\/wp-content\/uploads\/2020\/02\/NPS-Photos-de-neige-200x133.jpg 200w, https:\/\/newphoxstudio.fr\/wp-content\/uploads\/2020\/02\/NPS-Photos-de-neige-400x266.jpg 400w, https:\/\/newphoxstudio.fr\/wp-content\/uploads\/2020\/02\/NPS-Photos-de-neige-600x399.jpg 600w, https:\/\/newphoxstudio.fr\/wp-content\/uploads\/2020\/02\/NPS-Photos-de-neige-800x531.jpg 800w, https:\/\/newphoxstudio.fr\/wp-content\/uploads\/2020\/02\/NPS-Photos-de-neige-1200x797.jpg 1200w, https:\/\/newphoxstudio.fr\/wp-content\/uploads\/2020\/02\/NPS-Photos-de-neige.jpg 4288w\" sizes=\"(min-width: 2200px) 100vw, (min-width: 1186px) 283px, (min-width: 1004px) 377px, (min-width: 822px) 566px, (min-width: 640px) 822px, \" \/><\/a><\/div><\/div><\/li><li class=\"fusion-carousel-item\"><div class=\"fusion-carousel-item-wrapper\"><div class=\"fusion-image-wrapper hover-type-none\"><a data-rel=\"iLightbox[image_carousel_1]\" data-title=\"nps-agence photo tourisme\" aria-label=\"nps-agence photo tourisme\" href=\"https:\/\/newphoxstudio.fr\/wp-content\/uploads\/2020\/02\/nps-agence-photo-tourisme-1200x798.jpg\" target=\"_self\"><img width=\"4252\" height=\"2829\" src=\"https:\/\/newphoxstudio.fr\/wp-content\/uploads\/2020\/02\/nps-agence-photo-tourisme-200x133.jpg\" class=\"attachment-full size-full\" alt=\"\" decoding=\"async\" loading=\"lazy\" srcset=\"https:\/\/newphoxstudio.fr\/wp-content\/uploads\/2020\/02\/nps-agence-photo-tourisme-200x133.jpg 200w, https:\/\/newphoxstudio.fr\/wp-content\/uploads\/2020\/02\/nps-agence-photo-tourisme-400x266.jpg 400w, https:\/\/newphoxstudio.fr\/wp-content\/uploads\/2020\/02\/nps-agence-photo-tourisme-600x399.jpg 600w, https:\/\/newphoxstudio.fr\/wp-content\/uploads\/2020\/02\/nps-agence-photo-tourisme-800x532.jpg 800w, https:\/\/newphoxstudio.fr\/wp-content\/uploads\/2020\/02\/nps-agence-photo-tourisme-1200x798.jpg 1200w, https:\/\/newphoxstudio.fr\/wp-content\/uploads\/2020\/02\/nps-agence-photo-tourisme.jpg 4252w\" sizes=\"(min-width: 2200px) 100vw, (min-width: 1186px) 283px, (min-width: 1004px) 377px, (min-width: 822px) 566px, (min-width: 640px) 822px, \" \/><\/a><\/div><\/div><\/li><li class=\"fusion-carousel-item\"><div class=\"fusion-carousel-item-wrapper\"><div class=\"fusion-image-wrapper hover-type-none\"><a data-rel=\"iLightbox[image_carousel_1]\" data-title=\"nps-famille mer\" aria-label=\"nps-famille mer\" href=\"https:\/\/newphoxstudio.fr\/wp-content\/uploads\/2020\/02\/nps-famille-mer-1200x798.jpg\" target=\"_self\"><img width=\"7087\" height=\"4714\" src=\"https:\/\/newphoxstudio.fr\/wp-content\/uploads\/2020\/02\/nps-famille-mer-200x133.jpg\" class=\"attachment-full size-full\" alt=\"\" decoding=\"async\" loading=\"lazy\" srcset=\"https:\/\/newphoxstudio.fr\/wp-content\/uploads\/2020\/02\/nps-famille-mer-200x133.jpg 200w, https:\/\/newphoxstudio.fr\/wp-content\/uploads\/2020\/02\/nps-famille-mer-400x266.jpg 400w, https:\/\/newphoxstudio.fr\/wp-content\/uploads\/2020\/02\/nps-famille-mer-600x399.jpg 600w, https:\/\/newphoxstudio.fr\/wp-content\/uploads\/2020\/02\/nps-famille-mer-800x532.jpg 800w, https:\/\/newphoxstudio.fr\/wp-content\/uploads\/2020\/02\/nps-famille-mer-1200x798.jpg 1200w, https:\/\/newphoxstudio.fr\/wp-content\/uploads\/2020\/02\/nps-famille-mer.jpg 7087w\" sizes=\"(min-width: 2200px) 100vw, (min-width: 1186px) 283px, (min-width: 1004px) 377px, (min-width: 822px) 566px, (min-width: 640px) 822px, \" \/><\/a><\/div><\/div><\/li><li class=\"fusion-carousel-item\"><div class=\"fusion-carousel-item-wrapper\"><div class=\"fusion-image-wrapper hover-type-none\"><a data-rel=\"iLightbox[image_carousel_1]\" data-caption=\"Vue mer 2 lits\" data-title=\"chambre 223\" aria-label=\"chambre 223\" href=\"https:\/\/newphoxstudio.fr\/wp-content\/uploads\/2020\/02\/nps-chambres-locations-1200x799.jpg\" target=\"_self\"><img width=\"3543\" height=\"2358\" src=\"https:\/\/newphoxstudio.fr\/wp-content\/uploads\/2020\/02\/nps-chambres-locations-200x133.jpg\" class=\"attachment-full size-full\" alt=\"\" decoding=\"async\" loading=\"lazy\" srcset=\"https:\/\/newphoxstudio.fr\/wp-content\/uploads\/2020\/02\/nps-chambres-locations-200x133.jpg 200w, https:\/\/newphoxstudio.fr\/wp-content\/uploads\/2020\/02\/nps-chambres-locations-400x266.jpg 400w, https:\/\/newphoxstudio.fr\/wp-content\/uploads\/2020\/02\/nps-chambres-locations-600x399.jpg 600w, https:\/\/newphoxstudio.fr\/wp-content\/uploads\/2020\/02\/nps-chambres-locations-800x532.jpg 800w, https:\/\/newphoxstudio.fr\/wp-content\/uploads\/2020\/02\/nps-chambres-locations-1200x799.jpg 1200w, https:\/\/newphoxstudio.fr\/wp-content\/uploads\/2020\/02\/nps-chambres-locations.jpg 3543w\" sizes=\"(min-width: 2200px) 100vw, (min-width: 1186px) 283px, (min-width: 1004px) 377px, (min-width: 822px) 566px, (min-width: 640px) 822px, \" \/><\/a><\/div><\/div><\/li><li class=\"fusion-carousel-item\"><div class=\"fusion-carousel-item-wrapper\"><div class=\"fusion-image-wrapper hover-type-none\"><a data-rel=\"iLightbox[image_carousel_1]\" data-title=\"nps-Pays Basque\" aria-label=\"nps-Pays Basque\" href=\"https:\/\/newphoxstudio.fr\/wp-content\/uploads\/2020\/02\/nps-Pays-Basque-1200x798.jpg\" target=\"_self\"><img width=\"4256\" height=\"2832\" src=\"https:\/\/newphoxstudio.fr\/wp-content\/uploads\/2020\/02\/nps-Pays-Basque-200x133.jpg\" class=\"attachment-full size-full\" alt=\"\" decoding=\"async\" loading=\"lazy\" srcset=\"https:\/\/newphoxstudio.fr\/wp-content\/uploads\/2020\/02\/nps-Pays-Basque-200x133.jpg 200w, https:\/\/newphoxstudio.fr\/wp-content\/uploads\/2020\/02\/nps-Pays-Basque-400x266.jpg 400w, https:\/\/newphoxstudio.fr\/wp-content\/uploads\/2020\/02\/nps-Pays-Basque-600x399.jpg 600w, https:\/\/newphoxstudio.fr\/wp-content\/uploads\/2020\/02\/nps-Pays-Basque-800x532.jpg 800w, https:\/\/newphoxstudio.fr\/wp-content\/uploads\/2020\/02\/nps-Pays-Basque-1200x798.jpg 1200w, https:\/\/newphoxstudio.fr\/wp-content\/uploads\/2020\/02\/nps-Pays-Basque.jpg 4256w\" sizes=\"(min-width: 2200px) 100vw, (min-width: 1186px) 283px, (min-width: 1004px) 377px, (min-width: 822px) 566px, (min-width: 640px) 822px, \" \/><\/a><\/div><\/div><\/li><\/ul><div class=\"fusion-carousel-nav\"><span class=\"fusion-nav-prev\"><\/span><span class=\"fusion-nav-next\"><\/span><\/div><\/div><\/div><\/div><div class=\"fusion-clearfix\"><\/div>\n\n\t\t\t\t\t<\/div>\n\t\t\t\t<\/div><\/div><\/div><\/p>\n","protected":false},"excerpt":{"rendered":"","protected":false},"author":1,"featured_media":0,"parent":0,"menu_order":0,"comment_status":"closed","ping_status":"closed","template":"100-width.php","meta":{"_bbp_topic_count":0,"_bbp_reply_count":0,"_bbp_total_topic_count":0,"_bbp_total_reply_count":0,"_bbp_voice_count":0,"_bbp_anonymous_reply_count":0,"_bbp_topic_count_hidden":0,"_bbp_reply_count_hidden":0,"_bbp_forum_subforum_count":0},"_links":{"self":[{"href":"https:\/\/newphoxstudio.fr\/index.php\/wp-json\/wp\/v2\/pages\/1301"}],"collection":[{"href":"https:\/\/newphoxstudio.fr\/index.php\/wp-json\/wp\/v2\/pages"}],"about":[{"href":"https:\/\/newphoxstudio.fr\/index.php\/wp-json\/wp\/v2\/types\/page"}],"author":[{"embeddable":true,"href":"https:\/\/newphoxstudio.fr\/index.php\/wp-json\/wp\/v2\/users\/1"}],"replies":[{"embeddable":true,"href":"https:\/\/newphoxstudio.fr\/index.php\/wp-json\/wp\/v2\/comments?post=1301"}],"version-history":[{"count":81,"href":"https:\/\/newphoxstudio.fr\/index.php\/wp-json\/wp\/v2\/pages\/1301\/revisions"}],"predecessor-version":[{"id":1946,"href":"https:\/\/newphoxstudio.fr\/index.php\/wp-json\/wp\/v2\/pages\/1301\/revisions\/1946"}],"wp:attachment":[{"href":"https:\/\/newphoxstudio.fr\/index.php\/wp-json\/wp\/v2\/media?parent=1301"}],"curies":[{"name":"wp","href":"https:\/\/api.w.org\/{rel}","templated":true}]}}