{"id":1233,"date":"2020-02-04T10:16:00","date_gmt":"2020-02-04T08:16:00","guid":{"rendered":"http:\/\/newphoxstudio.fr\/?page_id=1233"},"modified":"2020-03-13T11:14:57","modified_gmt":"2020-03-13T09:14:57","slug":"notre-agence","status":"publish","type":"page","link":"https:\/\/newphoxstudio.fr\/index.php\/notre-agence\/","title":{"rendered":"Notre agence"},"content":{"rendered":"<p><div class=\"fusion-fullwidth fullwidth-box nonhundred-percent-fullwidth non-hundred-percent-height-scrolling\"  style='background-color: rgba(255,255,255,0);background-position: center center;background-repeat: no-repeat;padding-top:0px;padding-right:0px;padding-bottom:0px;padding-left:0px;'><div class=\"fusion-builder-row fusion-row \"><div  class=\"fusion-layout-column fusion_builder_column fusion_builder_column_1_1 fusion-builder-column-1 fusion-one-full fusion-column-first fusion-column-last 1_1\"  style='margin-top:0px;margin-bottom:0px;'>\n\t\t\t\t\t<div class=\"fusion-column-wrapper\" style=\"padding: 30px 0px 0px 0px;background-position:left top;background-repeat:no-repeat;-webkit-background-size:cover;-moz-background-size:cover;-o-background-size:cover;background-size:cover;\"   data-bg-url=\"\">\n\t\t\t\t\t\t<div class=\"fusion-text\"><h4 class=\"p1\" style=\"text-align: justify;\"><span class=\"s1\"> Nos reportages incarnent une double expertise : descriptif et \u00e9motion. C\u2019est notre marque de fabrique. Nous avons toute l\u2019expertise requise pour vous produire de belles images, et atteindre vos objectifs. <\/span><\/h4>\n<\/div><div class=\"fusion-text\"><p class=\"p1\" style=\"text-align: justify;\">100%Tourisme, nous ne savons faire que \u00e7\u00e0\u2026 des images faites exclusivement pour le tourisme. Nous intervenons partout en France et en Europe. D\u00e9crire une r\u00e9gion, un endroit, une structure de vacances tout en y racontant des histoires pour susciter l\u2019envie d\u2019y aller est le coeur de chauffe de notre m\u00e9tier. Par cons\u00e9quent, si vous souhaitez r\u00e9aliser une nouvelle campagne photo et\/ou vid\u00e9o, renouveler votre phototh\u00e8que, illustrer vos derni\u00e8res r\u00e9novations ou \u00e9quipements, trouver des visuels pour l\u2019ensemble de vos supports, valoriser votre marque ou r\u00e9putation, accroitre votre visibilit\u00e9 sur le web, nous sommes en capacit\u00e9 de r\u00e9pondre \u00e0 l\u2019ensemble de ces demandes. Nos images vous permettront de commercialiser votre destination, d\u00e9montrer vos savoirs-faire, vous positionner correctement et vous d\u00e9marquer de vos concurrents.<\/p>\n<\/div><div class=\"fusion-clearfix\"><\/div>\n\n\t\t\t\t\t<\/div>\n\t\t\t\t<\/div><\/div><\/div><div class=\"fusion-fullwidth fullwidth-box nonhundred-percent-fullwidth non-hundred-percent-height-scrolling\"  style='background-color: rgba(255,255,255,0);background-position: center center;background-repeat: no-repeat;padding-top:0px;padding-right:0px;padding-bottom:0px;padding-left:0px;margin-bottom: 10px;margin-top: 10px;'><div class=\"fusion-builder-row fusion-row \"><div  class=\"fusion-layout-column fusion_builder_column fusion_builder_column_1_1 fusion-builder-column-2 fusion-one-full fusion-column-first fusion-column-last 1_1\"  style='margin-top:0px;margin-bottom:0px;'>\n\t\t\t\t\t<div class=\"fusion-column-wrapper\" style=\"padding: 0px 0px 20px 0px;background-position:left top;background-repeat:no-repeat;-webkit-background-size:cover;-moz-background-size:cover;-o-background-size:cover;background-size:cover;\"   data-bg-url=\"\">\n\t\t\t\t\t\t<div class=\"fusion-text\"><h4 style=\"text-align: center;\">NOS RESSOURCES<\/h4>\n<\/div><div class=\"fusion-clearfix\"><\/div>\n\n\t\t\t\t\t<\/div>\n\t\t\t\t<\/div><div  class=\"fusion-layout-column fusion_builder_column fusion_builder_column_1_5 fusion-builder-column-3 fusion-one-fifth fusion-column-first 1_5\"  style='margin-top:0px;margin-bottom:0px;width:20%;width:calc(20% - ( ( 4% + 4% + 4% + 4% ) * 0.2 ) );margin-right: 4%;'>\n\t\t\t\t\t<div class=\"fusion-column-wrapper\" style=\"padding: 0px 0px 0px 0px;background-position:left top;background-repeat:no-repeat;-webkit-background-size:cover;-moz-background-size:cover;-o-background-size:cover;background-size:cover;\"   data-bg-url=\"\">\n\t\t\t\t\t\t<div class=\"imageframe-align-center\"><span style=\"width:100%;max-width:50px;\" class=\"fusion-imageframe imageframe-none imageframe-1 hover-type-none\"><img decoding=\"async\" loading=\"lazy\" src=\"https:\/\/newphoxstudio.fr\/wp-content\/uploads\/2020\/03\/network.png\" width=\"200\" height=\"200\" alt=\"\" title=\"network\" class=\"img-responsive wp-image-1894\"\/><\/span><\/div><div class=\"fusion-text\"><h6 style=\"text-align: center;\">Un r\u00e9seau national<\/h6>\n<\/div><div class=\"fusion-clearfix\"><\/div>\n\n\t\t\t\t\t<\/div>\n\t\t\t\t<\/div><div  class=\"fusion-layout-column fusion_builder_column fusion_builder_column_1_5 fusion-builder-column-4 fusion-one-fifth 1_5\"  style='margin-top:0px;margin-bottom:0px;width:20%;width:calc(20% - ( ( 4% + 4% + 4% + 4% ) * 0.2 ) );margin-right: 4%;'>\n\t\t\t\t\t<div class=\"fusion-column-wrapper\" style=\"padding: 0px 0px 0px 0px;background-position:left top;background-repeat:no-repeat;-webkit-background-size:cover;-moz-background-size:cover;-o-background-size:cover;background-size:cover;\"   data-bg-url=\"\">\n\t\t\t\t\t\t<div class=\"imageframe-align-center\"><span style=\"width:100%;max-width:50px;\" class=\"fusion-imageframe imageframe-none imageframe-2 hover-type-none\"><img decoding=\"async\" loading=\"lazy\" src=\"https:\/\/newphoxstudio.fr\/wp-content\/uploads\/2020\/03\/alert.png\" width=\"200\" height=\"200\" alt=\"\" title=\"alert\" class=\"img-responsive wp-image-1897\"\/><\/span><\/div><div class=\"fusion-text\"><h6 style=\"text-align: center;\">Drone<\/h6>\n<\/div><div class=\"fusion-clearfix\"><\/div>\n\n\t\t\t\t\t<\/div>\n\t\t\t\t<\/div><div  class=\"fusion-layout-column fusion_builder_column fusion_builder_column_1_5 fusion-builder-column-5 fusion-one-fifth 1_5\"  style='margin-top:0px;margin-bottom:0px;width:20%;width:calc(20% - ( ( 4% + 4% + 4% + 4% ) * 0.2 ) );margin-right: 4%;'>\n\t\t\t\t\t<div class=\"fusion-column-wrapper\" style=\"padding: 0px 0px 0px 0px;background-position:left top;background-repeat:no-repeat;-webkit-background-size:cover;-moz-background-size:cover;-o-background-size:cover;background-size:cover;\"   data-bg-url=\"\">\n\t\t\t\t\t\t<div class=\"imageframe-align-center\"><span style=\"width:100%;max-width:50px;\" class=\"fusion-imageframe imageframe-none imageframe-3 hover-type-none\"><img decoding=\"async\" loading=\"lazy\" src=\"https:\/\/newphoxstudio.fr\/wp-content\/uploads\/2020\/03\/gopro.png\" width=\"200\" height=\"200\" alt=\"\" title=\"gopro\" class=\"img-responsive wp-image-1896\"\/><\/span><\/div><div class=\"fusion-text\"><h6 style=\"text-align: center;\">Cam\u00e9ra embarqu\u00e9e<\/h6>\n<\/div><div class=\"fusion-clearfix\"><\/div>\n\n\t\t\t\t\t<\/div>\n\t\t\t\t<\/div><div  class=\"fusion-layout-column fusion_builder_column fusion_builder_column_1_5 fusion-builder-column-6 fusion-one-fifth 1_5\"  style='margin-top:0px;margin-bottom:0px;width:20%;width:calc(20% - ( ( 4% + 4% + 4% + 4% ) * 0.2 ) );margin-right: 4%;'>\n\t\t\t\t\t<div class=\"fusion-column-wrapper\" style=\"padding: 0px 0px 0px 0px;background-position:left top;background-repeat:no-repeat;-webkit-background-size:cover;-moz-background-size:cover;-o-background-size:cover;background-size:cover;\"   data-bg-url=\"\">\n\t\t\t\t\t\t<div class=\"imageframe-align-center\"><span style=\"width:100%;max-width:50px;\" class=\"fusion-imageframe imageframe-none imageframe-4 hover-type-none\"><img decoding=\"async\" loading=\"lazy\" src=\"https:\/\/newphoxstudio.fr\/wp-content\/uploads\/2020\/03\/360-video.png\" width=\"120\" height=\"120\" alt=\"\" title=\"360-video\" class=\"img-responsive wp-image-1898\"\/><\/span><\/div><div class=\"fusion-text\"><h6 style=\"text-align: center;\">Vid\u00e9o 360<\/h6>\n<\/div><div class=\"fusion-clearfix\"><\/div>\n\n\t\t\t\t\t<\/div>\n\t\t\t\t<\/div><div  class=\"fusion-layout-column fusion_builder_column fusion_builder_column_1_5 fusion-builder-column-7 fusion-one-fifth fusion-column-last 1_5\"  style='margin-top:0px;margin-bottom:0px;width:20%;width:calc(20% - ( ( 4% + 4% + 4% + 4% ) * 0.2 ) );'>\n\t\t\t\t\t<div class=\"fusion-column-wrapper\" style=\"padding: 0px 0px 0px 0px;background-position:left top;background-repeat:no-repeat;-webkit-background-size:cover;-moz-background-size:cover;-o-background-size:cover;background-size:cover;\"   data-bg-url=\"\">\n\t\t\t\t\t\t<div class=\"imageframe-align-center\"><span style=\"width:100%;max-width:50px;\" class=\"fusion-imageframe imageframe-none imageframe-5 hover-type-none\"><img decoding=\"async\" loading=\"lazy\" src=\"https:\/\/newphoxstudio.fr\/wp-content\/uploads\/2020\/03\/mannequin.png\" width=\"200\" height=\"200\" alt=\"\" title=\"mannequin\" class=\"img-responsive wp-image-1895\"\/><\/span><\/div><div class=\"fusion-text\"><h6 style=\"text-align: center;\">Styliste, d\u00e9corateur, ensemblier sc\u00e9nographe<\/h6>\n<\/div><div class=\"fusion-clearfix\"><\/div>\n\n\t\t\t\t\t<\/div>\n\t\t\t\t<\/div><\/div><\/div><div class=\"fusion-fullwidth fullwidth-box nonhundred-percent-fullwidth non-hundred-percent-height-scrolling\"  style='background-color: rgba(255,255,255,0);background-position: center center;background-repeat: no-repeat;padding-top:0px;padding-right:0px;padding-bottom:0px;padding-left:0px;'><div class=\"fusion-builder-row fusion-row \"><div  class=\"fusion-layout-column fusion_builder_column fusion_builder_column_1_1 fusion-builder-column-8 fusion-one-full fusion-column-first fusion-column-last 1_1\"  style='margin-top:0px;margin-bottom:0px;'>\n\t\t\t\t\t<div class=\"fusion-column-wrapper\" style=\"padding: 0px 0px 0px 0px;background-position:left top;background-repeat:no-repeat;-webkit-background-size:cover;-moz-background-size:cover;-o-background-size:cover;background-size:cover;\"   data-bg-url=\"\">\n\t\t\t\t\t\t<div class=\"fusion-text\"><p class=\"p1\" style=\"text-align: justify;\"><span class=\"s1\">Il est extr\u00eamement rare d\u2019obtenir la composition parfaite. Les bonnes photos requi\u00e8rent toujours des ajustements et de la patience. NPS en a le savoir faire. Selon la rigueur de notre m\u00e9thodologie et un process largement approuv\u00e9, chaque s\u00e9rie de prises de vues est v\u00e9ritablement d\u00e9lib\u00e9r\u00e9e, puis suivi d\u2019action concr\u00e8tes, r\u00e9alistes et toujours adapt\u00e9es. Enfin, pour shooter des instants de vies dans un environnement privil\u00e9gi\u00e9, nous savons toujours solliciter les bons personnages. Pour cela aussi nous avons notre secret. Cette capacit\u00e9 \u00e0 mobiliser tout en douceur, toutes les \u00e9nergies pour la figuration (mod\u00e8les tarif\u00e9s, client\u00e8le, staff) est depuis toujours la force de l\u2019agence.<\/span><\/p>\n<\/div><div class=\"fusion-clearfix\"><\/div>\n\n\t\t\t\t\t<\/div>\n\t\t\t\t<\/div><\/div><\/div><div class=\"fusion-fullwidth fullwidth-box nonhundred-percent-fullwidth non-hundred-percent-height-scrolling\"  style='background-color: rgba(255,255,255,0);background-position: center center;background-repeat: no-repeat;padding-top:0px;padding-right:0px;padding-bottom:0px;padding-left:0px;'><div class=\"fusion-builder-row fusion-row \"><div  class=\"fusion-layout-column fusion_builder_column fusion_builder_column_1_1 fusion-builder-column-9 fusion-one-full fusion-column-first fusion-column-last 1_1\"  style='margin-top:0px;margin-bottom:0px;'>\n\t\t\t\t\t<div class=\"fusion-column-wrapper\" style=\"padding: 0px 0px 0px 0px;background-position:left top;background-repeat:no-repeat;-webkit-background-size:cover;-moz-background-size:cover;-o-background-size:cover;background-size:cover;\"   data-bg-url=\"\">\n\t\t\t\t\t\t<div class=\"fusion-image-carousel fusion-image-carousel-auto\"><div class=\"fusion-carousel\" data-autoplay=\"no\" data-columns=\"2\" data-itemmargin=\"13\" data-itemwidth=\"180\" data-touchscroll=\"no\" data-imagesize=\"auto\"><div class=\"fusion-carousel-positioner\"><ul class=\"fusion-carousel-holder\"><li class=\"fusion-carousel-item\"><div class=\"fusion-carousel-item-wrapper\"><div class=\"fusion-image-wrapper hover-type-none\"><img width=\"4256\" height=\"2832\" src=\"https:\/\/newphoxstudio.fr\/wp-content\/uploads\/2020\/02\/nps-Normandie-Honfleur-600x399.jpg\" class=\"attachment-full size-full\" alt=\"\" decoding=\"async\" loading=\"lazy\" srcset=\"https:\/\/newphoxstudio.fr\/wp-content\/uploads\/2020\/02\/nps-Normandie-Honfleur-200x133.jpg 200w, https:\/\/newphoxstudio.fr\/wp-content\/uploads\/2020\/02\/nps-Normandie-Honfleur-400x266.jpg 400w, https:\/\/newphoxstudio.fr\/wp-content\/uploads\/2020\/02\/nps-Normandie-Honfleur-600x399.jpg 600w, https:\/\/newphoxstudio.fr\/wp-content\/uploads\/2020\/02\/nps-Normandie-Honfleur-800x532.jpg 800w, https:\/\/newphoxstudio.fr\/wp-content\/uploads\/2020\/02\/nps-Normandie-Honfleur-1200x798.jpg 1200w, https:\/\/newphoxstudio.fr\/wp-content\/uploads\/2020\/02\/nps-Normandie-Honfleur.jpg 4256w\" sizes=\"(min-width: 2200px) 100vw, (min-width: 822px) 579px, (min-width: 640px) 822px, \" \/><\/div><\/div><\/li><li class=\"fusion-carousel-item\"><div class=\"fusion-carousel-item-wrapper\"><div class=\"fusion-image-wrapper hover-type-none\"><img width=\"7087\" height=\"4707\" src=\"https:\/\/newphoxstudio.fr\/wp-content\/uploads\/2020\/02\/nps-ski-de-fond-600x399.jpg\" class=\"attachment-full size-full\" alt=\"\" decoding=\"async\" loading=\"lazy\" srcset=\"https:\/\/newphoxstudio.fr\/wp-content\/uploads\/2020\/02\/nps-ski-de-fond-200x133.jpg 200w, https:\/\/newphoxstudio.fr\/wp-content\/uploads\/2020\/02\/nps-ski-de-fond-400x266.jpg 400w, https:\/\/newphoxstudio.fr\/wp-content\/uploads\/2020\/02\/nps-ski-de-fond-600x399.jpg 600w, https:\/\/newphoxstudio.fr\/wp-content\/uploads\/2020\/02\/nps-ski-de-fond-800x531.jpg 800w, https:\/\/newphoxstudio.fr\/wp-content\/uploads\/2020\/02\/nps-ski-de-fond-1200x797.jpg 1200w, https:\/\/newphoxstudio.fr\/wp-content\/uploads\/2020\/02\/nps-ski-de-fond.jpg 7087w\" sizes=\"(min-width: 2200px) 100vw, (min-width: 822px) 579px, (min-width: 640px) 822px, \" \/><\/div><\/div><\/li><\/ul><div class=\"fusion-carousel-nav\"><span class=\"fusion-nav-prev\"><\/span><span class=\"fusion-nav-next\"><\/span><\/div><\/div><\/div><\/div><div class=\"fusion-clearfix\"><\/div>\n\n\t\t\t\t\t<\/div>\n\t\t\t\t<\/div><\/div><\/div><div class=\"fusion-fullwidth fullwidth-box fusion-parallax-none nonhundred-percent-fullwidth non-hundred-percent-height-scrolling\"  style='background-color: rgba(255,255,255,0);background-image: url(\"https:\/\/newphoxstudio.fr\/wp-content\/uploads\/2020\/03\/nps-Residence-de-tourisme2-1200x797.jpg\");background-position: center center;background-repeat: no-repeat;padding-top:40px;padding-right:0px;padding-bottom:40px;padding-left:0px;-webkit-background-size:cover;-moz-background-size:cover;-o-background-size:cover;background-size:cover;'><div class=\"fusion-builder-row fusion-row \"><div  class=\"fusion-layout-column fusion_builder_column fusion_builder_column_1_1 fusion-builder-column-10 fusion-one-full fusion-column-first fusion-column-last 1_1\"  style='margin-top:0px;margin-bottom:0px;'>\n\t\t\t\t\t<div class=\"fusion-column-wrapper\" style=\"padding: 0px 0px 0px 0px;background-position:left top;background-repeat:no-repeat;-webkit-background-size:cover;-moz-background-size:cover;-o-background-size:cover;background-size:cover;\"   data-bg-url=\"\">\n\t\t\t\t\t\t<div class=\"fusion-text\"><h3 class=\"p1\" style=\"text-align: center;\" data-fontsize=\"22\" data-lineheight=\"48\">5 atouts pr\u00e9cieux :<\/h3>\n<\/div><div class=\"fusion-clearfix\"><\/div>\n\n\t\t\t\t\t<\/div>\n\t\t\t\t<\/div><div  class=\"fusion-layout-column fusion_builder_column fusion_builder_column_1_5 fusion-builder-column-11 fusion-one-fifth fusion-column-first 1_5\"  style='margin-top:0px;margin-bottom:0px;width:20%;width:calc(20% - ( ( 4% + 4% + 4% + 4% ) * 0.2 ) );margin-right: 4%;'>\n\t\t\t\t\t<div class=\"fusion-column-wrapper\" style=\"padding: 0px 0px 0px 0px;background-position:left top;background-repeat:no-repeat;-webkit-background-size:cover;-moz-background-size:cover;-o-background-size:cover;background-size:cover;\"   data-bg-url=\"\">\n\t\t\t\t\t\t<div class=\"fusion-text\"><p class=\"p1\" style=\"color: #ffffff;\">Un concept unique \u00e9prouv\u00e9 depuis plus de 15 ans<\/p>\n<\/div><div class=\"fusion-clearfix\"><\/div>\n\n\t\t\t\t\t<\/div>\n\t\t\t\t<\/div><div  class=\"fusion-layout-column fusion_builder_column fusion_builder_column_1_5 fusion-builder-column-12 fusion-one-fifth 1_5\"  style='margin-top:0px;margin-bottom:0px;width:20%;width:calc(20% - ( ( 4% + 4% + 4% + 4% ) * 0.2 ) );margin-right: 4%;'>\n\t\t\t\t\t<div class=\"fusion-column-wrapper\" style=\"padding: 0px 0px 0px 0px;background-position:left top;background-repeat:no-repeat;-webkit-background-size:cover;-moz-background-size:cover;-o-background-size:cover;background-size:cover;\"   data-bg-url=\"\">\n\t\t\t\t\t\t<div class=\"fusion-text\"><p class=\"p1\" style=\"color: #ffffff;\">Des collaborateurs talentueux, passionn\u00e9s et avant-gardistes avec plein d\u2019id\u00e9es r\u00e9actives<\/p>\n<\/div><div class=\"fusion-clearfix\"><\/div>\n\n\t\t\t\t\t<\/div>\n\t\t\t\t<\/div><div  class=\"fusion-layout-column fusion_builder_column fusion_builder_column_1_5 fusion-builder-column-13 fusion-one-fifth 1_5\"  style='margin-top:0px;margin-bottom:0px;width:20%;width:calc(20% - ( ( 4% + 4% + 4% + 4% ) * 0.2 ) );margin-right: 4%;'>\n\t\t\t\t\t<div class=\"fusion-column-wrapper\" style=\"padding: 0px 0px 0px 0px;background-position:left top;background-repeat:no-repeat;-webkit-background-size:cover;-moz-background-size:cover;-o-background-size:cover;background-size:cover;\"   data-bg-url=\"\">\n\t\t\t\t\t\t<div class=\"fusion-text\"><p class=\"p1\" style=\"color: #ffffff;\">Un mat\u00e9riel high tech, ultra performant permettant toutes les exp\u00e9riences et innovations artistiques<\/p>\n<\/div><div class=\"fusion-clearfix\"><\/div>\n\n\t\t\t\t\t<\/div>\n\t\t\t\t<\/div><div  class=\"fusion-layout-column fusion_builder_column fusion_builder_column_1_5 fusion-builder-column-14 fusion-one-fifth 1_5\"  style='margin-top:0px;margin-bottom:0px;width:20%;width:calc(20% - ( ( 4% + 4% + 4% + 4% ) * 0.2 ) );margin-right: 4%;'>\n\t\t\t\t\t<div class=\"fusion-column-wrapper\" style=\"padding: 0px 0px 0px 0px;background-position:left top;background-repeat:no-repeat;-webkit-background-size:cover;-moz-background-size:cover;-o-background-size:cover;background-size:cover;\"   data-bg-url=\"\">\n\t\t\t\t\t\t<div class=\"fusion-text\"><p class=\"p1\" style=\"color: #ffffff;\">Un savoir-faire exceptionnel pour solliciter des personnages et mettre en situation<\/p>\n<\/div><div class=\"fusion-clearfix\"><\/div>\n\n\t\t\t\t\t<\/div>\n\t\t\t\t<\/div><div  class=\"fusion-layout-column fusion_builder_column fusion_builder_column_1_5 fusion-builder-column-15 fusion-one-fifth fusion-column-last 1_5\"  style='margin-top:0px;margin-bottom:0px;width:20%;width:calc(20% - ( ( 4% + 4% + 4% + 4% ) * 0.2 ) );'>\n\t\t\t\t\t<div class=\"fusion-column-wrapper\" style=\"padding: 0px 0px 0px 0px;background-position:left top;background-repeat:no-repeat;-webkit-background-size:cover;-moz-background-size:cover;-o-background-size:cover;background-size:cover;\"   data-bg-url=\"\">\n\t\t\t\t\t\t<div class=\"fusion-text\"><p class=\"p1\" style=\"color: #ffffff;\">Figuration tarif\u00e9e, mod\u00e8les professionnels, sc\u00e9nariste et com\u00e9diens<\/p>\n<\/div><div class=\"fusion-clearfix\"><\/div>\n\n\t\t\t\t\t<\/div>\n\t\t\t\t<\/div><\/div><\/div><\/p>\n","protected":false},"excerpt":{"rendered":"","protected":false},"author":1,"featured_media":0,"parent":0,"menu_order":0,"comment_status":"closed","ping_status":"closed","template":"100-width.php","meta":{"_bbp_topic_count":0,"_bbp_reply_count":0,"_bbp_total_topic_count":0,"_bbp_total_reply_count":0,"_bbp_voice_count":0,"_bbp_anonymous_reply_count":0,"_bbp_topic_count_hidden":0,"_bbp_reply_count_hidden":0,"_bbp_forum_subforum_count":0},"_links":{"self":[{"href":"https:\/\/newphoxstudio.fr\/index.php\/wp-json\/wp\/v2\/pages\/1233"}],"collection":[{"href":"https:\/\/newphoxstudio.fr\/index.php\/wp-json\/wp\/v2\/pages"}],"about":[{"href":"https:\/\/newphoxstudio.fr\/index.php\/wp-json\/wp\/v2\/types\/page"}],"author":[{"embeddable":true,"href":"https:\/\/newphoxstudio.fr\/index.php\/wp-json\/wp\/v2\/users\/1"}],"replies":[{"embeddable":true,"href":"https:\/\/newphoxstudio.fr\/index.php\/wp-json\/wp\/v2\/comments?post=1233"}],"version-history":[{"count":152,"href":"https:\/\/newphoxstudio.fr\/index.php\/wp-json\/wp\/v2\/pages\/1233\/revisions"}],"predecessor-version":[{"id":2010,"href":"https:\/\/newphoxstudio.fr\/index.php\/wp-json\/wp\/v2\/pages\/1233\/revisions\/2010"}],"wp:attachment":[{"href":"https:\/\/newphoxstudio.fr\/index.php\/wp-json\/wp\/v2\/media?parent=1233"}],"curies":[{"name":"wp","href":"https:\/\/api.w.org\/{rel}","templated":true}]}}